{"id":173,"date":"2022-12-22T16:31:38","date_gmt":"2022-12-22T16:31:38","guid":{"rendered":"https:\/\/thelegalhigh.eu\/?page_id=173"},"modified":"2023-01-10T16:02:59","modified_gmt":"2023-01-10T16:02:59","slug":"terms","status":"publish","type":"page","link":"https:\/\/www.thelegalhigh.eu\/de\/terms\/","title":{"rendered":"Terms &#038; Conditions"},"content":{"rendered":"<div data-elementor-type=\"wp-page\" data-elementor-id=\"173\" class=\"elementor elementor-173\" data-elementor-post-type=\"page\">\n\t\t\t\t\t\t\t\t\t<section class=\"elementor-section elementor-top-section elementor-element elementor-element-aa8271f elementor-section-boxed elementor-section-height-default elementor-section-height-default\" data-id=\"aa8271f\" data-element_type=\"section\">\n\t\t\t\t\t\t<div class=\"elementor-container elementor-column-gap-default\">\n\t\t\t\t\t<div class=\"elementor-column elementor-col-100 elementor-top-column elementor-element elementor-element-a59ea8d\" data-id=\"a59ea8d\" data-element_type=\"column\">\n\t\t\t<div class=\"elementor-widget-wrap elementor-element-populated\">\n\t\t\t\t\t\t\t\t<div class=\"elementor-element elementor-element-476af5c elementor-widget elementor-widget-heading\" data-id=\"476af5c\" data-element_type=\"widget\" data-widget_type=\"heading.default\">\n\t\t\t\t<div class=\"elementor-widget-container\">\n\t\t\t<h2 class=\"elementor-heading-title elementor-size-default\">Terms &Conditions<\/h2>\t\t<\/div>\n\t\t\t\t<\/div>\n\t\t\t\t<div class=\"elementor-element elementor-element-888ba30 elementor-widget elementor-widget-text-editor\" data-id=\"888ba30\" data-element_type=\"widget\" data-widget_type=\"text-editor.default\">\n\t\t\t\t<div class=\"elementor-widget-container\">\n\t\t\t\t\t\t\t<p><strong>Gesch\u00e4ftsbedingungen <\/strong><\/p><p><strong>Diese Website Standard Terms and Conditions geschrieben auf dieser Webseite sind verwalten Sie Ihre Nutzung unserer Webseite, thelegalhigh.eu, abrufbar unter www.thelegalhigh.eu.<\/strong><\/p><p><strong>Durch den Besuch unserer Website und\/oder den Kauf etwas von uns, engagieren Sie in unserem &#034;Service&#034; und Stimmen den folgenden Gesch\u00e4ftsbedingungen (&#034;Nutzungsbedingungen&#034;, &#034;Bedingungen&#034;) einschlie\u00dflich dieser zus\u00e4tzlichen Bedingungen und Richtlinien, auf die hierin verwiesen wird und\/oder durch hyperlinks. Diese Nutzungsbedingungen gelten f\u00fcr alle Benutzer der Website.<\/strong><\/p><p><strong>&#034;Unternehmen&#034;<\/strong>\u00a0(bezeichnet als &#034;das Unternehmen&#034;, &#034;Wir&#034;, &#034;Uns&#034; oder &#034;Unser&#034; in dieser Haftungsausschluss bezieht sich auf Den Gesetzlichen Hoch.<\/p><p>&#034;Bedingungen&#034; bedeutet diese Allgemeinen Gesch\u00e4ftsbedingungen;<\/p><p>&#034;Waren&#034; sind alle waren, die Sie kaufen, unter diesen Bedingungen;<\/p><p>&#034;Personenbezogene Daten&#034; bedeutet, dass die Angaben, die Sie uns;<\/p><p>&#034;Services&#034; bezeichnet alle Produkte, die Sie bestellen oder anderweitig Kauf unter diesen Bedingungen;<\/p><p>&#034;Website&#034; bedeutet, dass entweder eine der websites, die sich an www.thelegalhigh.eu oder jeder anderen URL, die m\u00f6glicherweise ersetzt; und<\/p><p>&#034;Sie\/Ihr&#034; bezeichnet die person, die die Bestellung oder sonst dem Kauf der Produkte oder Dienstleistungen.<\/p><p><strong>\u00a0<\/strong><\/p><p><strong>Bitte Lesen Sie diese Nutzungsbedingungen sorgf\u00e4ltig durch, bevor Zugriff auf oder Nutzung unserer website. Durch den Zugriff auf irgendeinen Teil der Website, Sie Stimmen zu werden gebunden durch diese Bedingungen von service. Wenn Sie nicht einverstanden sind mit allen Bedingungen und Konditionen dieser Vereinbarung, dann k\u00f6nnen Sie nicht auf die website zugreifen oder keine Dienste. Wenn diese Nutzungsbedingungen als ein Angebot, eine Annahme ausdr\u00fccklich auf diese Nutzungsbedingungen.<\/strong><\/p><p><strong>Alle neuen Funktionen oder tools, die Hinzugef\u00fcgt werden, um die aktuelle Webseite unterliegen auch die Nutzungsbedingungen. Sie k\u00f6nnen \u00fcberpr\u00fcfen, dass die aktuellste version der Nutzungsbedingungen jederzeit auf dieser Seite. Wir behalten uns das Recht zu aktualisieren, \u00e4ndern oder zu ersetzen einen Teil dieser Nutzungsbedingungen durch Ver\u00f6ffentlichung von updates und\/oder \u00e4nderungen an unserer website. Es liegt in Ihrer Verantwortung, zu pr\u00fcfen, diese Seite regelm\u00e4\u00dfig auf \u00e4nderungen. Ihre fortgesetzte Nutzung oder Zugriff auf die website nach der Ver\u00f6ffentlichung von \u00e4nderungen stellt die Annahme dieser \u00e4nderungen.<\/strong><\/p><p><strong>Keine Medizinische Beratung<\/strong>.<\/p><p>Die website bietet keine medizinische Beratung. Die Informationen auf dieser Site, einschlie\u00dflich text, Grafiken und Fotos (zusammenfassend als &#034;Inhalte&#034;), sowie Daten aus unseren Lizenzgebern und andere Benutzer der Website ist nur f\u00fcr Informationszwecke. Die information ist nicht dazu gedacht, ein Ersatz f\u00fcr fachliche medizinische Beratung, Diagnose oder Versorgung. F\u00fcr den Health Insurance Portability and Accountability Act von 1996 (HIPAA), wir sind nicht eine gedeckte Entit\u00e4t. Fragen Sie immer Ihren Arzt oder einen anderen qualifizierten Arzt um Hilfe, wenn Sie irgendwelche Bedenken haben \u00fcber einen medizinischen Zustand. Nie entlassen oder abschrecken Einholung fachkundigen medizinischen Rat wegen etwas, das Sie Lesen auf einer website! Wenn Sie glauben, Sie k\u00f6nnen einen medizinischen Notfall handelt, rufen Sie Ihren Arzt. Wir machen keine Empfehlungen oder Bef\u00fcrwortungen f\u00fcr bestimmte Pr\u00fcfungen, Verfahren, Medikamente, \u00e4rzte, Anbieter von waren, Dienstleistungen, Meinungen oder andere Daten, die m\u00f6glicherweise auf der website erw\u00e4hnt. Sie m\u00fcssen Nutzung aller Informationen erfolgt auf eigenes Risiko, ob es stammt von uns, unseren Personal, Werbung f\u00fcr Dritte, die wir einladen, um auf der Website angezeigt werden, oder andere Website-Besucher. Die website kann explizite sexuelle Inhalte in Bezug auf Gesundheit und Medizin. Sie m\u00f6glicherweise nicht wollen, verwenden Sie die Website, wenn Sie finden diese Artikel offensive.<\/p><p><strong>\u00c4nderungen am Service und Preise<\/strong><\/p><p><strong>Die Preise f\u00fcr unsere Produkte sind abh\u00e4ngig von \u00e4nderung ohne Vorherige Ank\u00fcndigung.<\/strong><\/p><p><strong>Wir behalten uns das Recht vor, jederzeit zu \u00e4ndern oder einzustellen den Service (oder Teile oder Inhalte davon) jederzeit ohne Vorherige Ank\u00fcndigung.<\/strong><\/p><p><strong>Wir haften nicht Ihnen oder einem Dritten f\u00fcr eine \u00e4nderung, Preis\u00e4nderung, Aussetzung oder Einstellung des Dienstes.<\/strong><\/p><p><strong>- Produkte oder Dienstleistungen (falls zutreffend)<\/strong><\/p><p><strong>Bestimmte Produkte oder Dienstleistungen k\u00f6nnen ausschlie\u00dflich online \u00fcber die website. Diese Produkte oder Dienstleistungen haben m\u00f6glicherweise begrenzte Mengen und unterliegen der R\u00fcckgabe oder Umtausch nur nach unserer R\u00fcckkehr-Politik.<\/strong><\/p><p><strong>Wir behalten uns das Recht vor, sind aber nicht verpflichtet, zur Begrenzung der Verkauf unserer Produkte oder Dienstleistungen auf jede person, geografische region oder GERICHTSBARKEIT. Wir k\u00f6nnen dieses Recht auf einer Fall-zu-Fall-basis. Wir behalten uns das Recht zu begrenzen, die Mengen von Produkten oder Dienstleistungen, die wir anbieten. Alle Beschreibungen von Produkten oder Produktpreise unterliegen jederzeit zu \u00e4ndern ohne Vorherige Ank\u00fcndigung im alleinigen Ermessen von uns. <\/strong><\/p><p><strong>Wir behalten uns das Recht vor, zu unterbrechen, jedes Produkt zu jeder Zeit. Jedes Angebot f\u00fcr ein Produkt oder eine Dienstleistung auf dieser Website ist nichtig, wo verboten.<\/strong><\/p><p><strong>Wir k\u00f6nnen nicht garantieren, dass die Qualit\u00e4t jeglicher Produkte, Dienstleistungen, Informationen oder anderen material gekauft oder erhalten durch Sie Ihre Erwartungen erf\u00fcllen, oder dass etwaige Fehler in der service korrigiert werden.<\/strong><\/p><p><strong>Altersgrenze und \u00dcberpr\u00fcfung<\/strong><\/p><p>Minderj\u00e4hrige oder Personen unter 21 Jahre alt sind nicht erlaubt zu verwenden dieses Website.<\/p><p><strong>SIE M\u00dcSSEN \u00dcBER 21 JAHRE ALT SEIN, UM ZU KAUFEN PRODUKTE VON UNSERER WEBSITE. WIR BEHALTEN UNS DAS RECHT VOR, ZU VERLANGEN BEWEISE VON ALTER, BEVOR WIR IHRE BESTELLUNG AUSZUF\u00dcHREN.<\/strong><\/p><p><strong>Haftung F\u00fcr Inhalte:<\/strong><\/p><p><strong>Wir sind nicht verantwortlich f\u00fcr irgendwelche Inhalte, die auf Ihrer website erscheint. Sie Stimmen zu, sch\u00fctzen und verteidigen uns gegen alle Anspr\u00fcche, die ausgel\u00f6st werden, auf Ihrer website. No link(s) erscheinen auf jeder website, die interpretiert werden kann als verleumderisch, obsz\u00f6n oder kriminell, oder verletzt, sonst verletzt, oder die die Verletzung oder sonstige Verletzung von rechten Dritter.<\/strong><\/p><p><strong>Entfernung von links von unserer website:<\/strong><\/p><p><strong>Wenn Sie einen link auf unserer website, ist beleidigend f\u00fcr jede Grund, Sie sind frei zu Kontaktieren, und informieren uns, in jedem moment. Betrachten wir Anfragen zum entfernen von links, aber wir sind nicht verpflichtet zu oder so oder reagieren Sie direkt.<\/strong><\/p><p><strong>Wir tun nicht gew\u00e4hrleisten, dass die Informationen auf dieser website korrekt sind. Wir tun keine Garantie auf Vollst\u00e4ndigkeit oder Richtigkeit, noch, wir Versprechen, um sicherzustellen, dass die website verf\u00fcgbar bleibt oder dass das material auf der website ist gehalten bis zu Datum.<\/strong><\/p><p><strong>Lizenz:<\/strong><\/p><p><strong>Sofern nicht anders angegeben, thelegalhigh.eu und\/oder seine Lizenzgeber die geistigen Eigentumsrechte f\u00fcr alle Materialien auf thelegalhigh.eu. Alle geistigen Eigentumsrechte sind vorbehalten. Sie k\u00f6nnen diese aus thelegalhigh.eu f\u00fcr den pers\u00f6nlichen Gebrauch unterliegt Beschr\u00e4nkungen, die in diesen Allgemeinen Gesch\u00e4ftsbedingungen.<\/strong><\/p><p><strong>Sie m\u00fcssen nicht<\/strong><\/p><ul><li><strong>Kopieren oder erneut material von thelegalhigh.eu<\/strong><\/li><li><strong>Verkaufen, vermieten oder sub-license material from thelegalhigh.eu<\/strong><\/li><li><strong>Reproduzieren, duplizieren oder kopieren Sie material von thelegalhigh.eu<\/strong><\/li><li><strong>Verteilen Sie Inhalte von thelegalhigh.eu<\/strong><\/li><\/ul><p><strong>Diese Vereinbarung beginnt mit dem Datum dieser Vereinbarung.<\/strong><\/p><p><strong>Teile dieser website bieten Benutzern die M\u00f6glichkeit zu posten und f\u00fcr den Austausch von Meinungen und Informationen in bestimmten Bereichen der website. Thelegalhigh.eu keine filter, Bearbeiten, ver\u00f6ffentlichen oder Kommentare \u00fcberpr\u00fcfen, bevor Ihre Anwesenheit auf der website. Kommentare spiegeln nicht die Ansichten und Meinungen von thelegalhigh.eu, Ihren Erf\u00fcllungsgehilfen und\/oder verbundenen Unternehmen. Kommentare spiegeln die Ansichten und Meinungen der person, die die Beitr\u00e4ge Ihrer Ansichten und Meinungen. Zu den gesetzlich zul\u00e4ssig, thelegalhigh.eu haftet nicht f\u00fcr die Kommentare oder jegliche Haftung, Sch\u00e4den, Kosten oder Ausgaben verursacht und\/oder erlitten als Folge einer Verwendung und\/oder Ver\u00f6ffentlichung und\/oder die Darstellung der Kommentare auf dieser website.<\/strong><\/p><p><strong>Thelegalhigh.die eu beh\u00e4lt sich das Recht vor, zu \u00fcberwachen und alle Kommentare und entfernen Sie alle Kommentare als unangemessen, beleidigend, oder die Ursachen Versto\u00df gegen diese Bedingungen und Bedingungen.<\/strong><\/p><p><strong>Sie gew\u00e4hrleisten und versichern, dass:<\/strong><\/p><ul><li><strong>Sie sind berechtigt, nach den Kommentaren auf unserer website und haben alle erforderlichen Lizenzen und Genehmigungen zu tun;<\/strong><\/li><li><strong>Die Kommentare dringen nicht in irgendwelche Rechte an geistigem Eigentum, einschlie\u00dflich, ohne Einschr\u00e4nkung, Urheber -, patent-oder Markenrechte Dritter verletzen;<\/strong><\/li><li><strong>Die Kommentare enthalten kein diffamierendes, verleumderisches, anst\u00f6\u00dfiges, Unanst\u00e4ndiges oder anderweitig rechtswidriges material, das eine Verletzung der Privatsph\u00e4re.<\/strong><\/li><li><strong>Die Kommentare werden nicht verwendet, um zu erbitten oder zu f\u00f6rdern Gesch\u00e4fts-oder benutzerdefinierte vorhanden oder kommerzielle Aktivit\u00e4ten oder rechtswidrige Aktivit\u00e4ten.<\/strong><\/li><\/ul><p><strong>Sie gew\u00e4hren hiermit thelegalhigh.eu eine nicht-exklusive Lizenz zur Nutzung, Reproduktion, Bearbeitung und Autorisierung anderer zur Nutzung, Vervielf\u00e4ltigung und Bearbeiten Sie Ihre Kommentare in allen Formen, Formaten oder Medien.<\/strong><\/p><p><strong>Unsere Geistigen Eigentumsrechte<\/strong><\/p><p>Alle Informationen auf dieser Website, einschlie\u00dflich Marken, Dienstleistungsmarken und logos (gemeinsam als &#034;Marken&#034; bezeichnet), ist unser Eigentum, oder mit unserer Genehmigung. Als Ergebnis, die alle gesch\u00fctzt durch das Urheberrecht und andere Gesetze zum geistigen Eigentum nach niederl\u00e4ndischem Recht, als auch die Gesetze von anderen L\u00e4ndern und internationalen Vereinbarungen. Wir behalten uns alle on-site-und content-bezogene Rechte, die nicht ausdr\u00fccklich gew\u00e4hrt werden. Die sicherheitsrelevanten Funktionen dieser Website, wie auch diese: (a) verhindern oder einschr\u00e4nken, die Nutzung oder das kopieren von Inhalten oder\u00a0<\/p><p>(b) Einschr\u00e4nkungen der Nutzung dieser Website oder die Inhalte auf dieser Website, die nicht umgangen, deaktiviert oder anderweitig beeintr\u00e4chtigt werden.<\/p><p>Au\u00dferdem werden, sofern nicht anderweitig ausdr\u00fccklich von uns in einer separaten SCHRIFTLICHEN Vereinbarung verpflichten Sie sich nicht zum Zugriff auf unsere Website mit jeder anderen Methode als der Schnittstelle, die wir anbieten. Ihre Berechtigung zur Nutzung der Inhalte endet automatisch, wenn Sie gegen eine dieser Regeln, und alle Kopien, die Sie gemacht haben, der Inhalt\u2014oder Teile davon\u2014m\u00fcssen zerst\u00f6rt werden sofort.<\/p><p><strong>\u00a0<\/strong><\/p><p><strong>Kontaktieren Sie Uns<\/strong><\/p><p><strong>Fragen zu den Nutzungsbedingungen sollten an uns gesendet werden, an info@thelegalhigh.com<\/strong><\/p><p>\u00a0<\/p><p>Letzte Aktualisierung: August 18, 2022<\/p>\t\t\t\t\t\t<\/div>\n\t\t\t\t<\/div>\n\t\t\t\t\t<\/div>\n\t\t<\/div>\n\t\t\t\t\t\t\t<\/div>\n\t\t<\/section>\n\t\t\t\t\t\t\t<\/div>","protected":false},"excerpt":{"rendered":"<p>Terms &#038;Conditions Terms and conditions These Website Standard Terms and Conditions written on this webpage shall manage your use of our website, thelegalhigh.eu, accessible at www.thelegalhigh.eu. By visiting our site and\/or purchasing something from us, you engage in our \u201cService\u201d and agree to be bound by the following terms and conditions (\u201cTerms of Service,&#8221; \u201cTerms\u201d), [&hellip;]<\/p>","protected":false},"author":2,"featured_media":0,"parent":0,"menu_order":0,"comment_status":"closed","ping_status":"closed","template":"elementor_header_footer","meta":{"_joinchat":[],"footnotes":""},"class_list":["post-173","page","type-page","status-publish","hentry"],"yoast_head":"<!-- This site is optimized with the Yoast SEO plugin v21.5 - https:\/\/yoast.com\/wordpress\/plugins\/seo\/ -->\n<title>Terms &amp; Conditions | The Legal High<\/title>\n<meta name=\"robots\" content=\"index, follow, max-snippet:-1, max-image-preview:large, max-video-preview:-1\" \/>\n<link rel=\"canonical\" href=\"https:\/\/www.thelegalhigh.eu\/de\/terms\/\" \/>\n<meta property=\"og:locale\" content=\"de_DE\" \/>\n<meta property=\"og:type\" content=\"article\" \/>\n<meta property=\"og:title\" content=\"Terms &amp; Conditions | The Legal High\" \/>\n<meta property=\"og:description\" content=\"Terms &#038;Conditions Terms and conditions These Website Standard Terms and Conditions written on this webpage shall manage your use of our website, thelegalhigh.eu, accessible at www.thelegalhigh.eu. By visiting our site and\/or purchasing something from us, you engage in our \u201cService\u201d and agree to be bound by the following terms and conditions (\u201cTerms of Service,&#8221; \u201cTerms\u201d), [&hellip;]\" \/>\n<meta property=\"og:url\" content=\"https:\/\/www.thelegalhigh.eu\/de\/terms\/\" \/>\n<meta property=\"og:site_name\" content=\"The Legal High\" \/>\n<meta property=\"article:modified_time\" content=\"2023-01-10T16:02:59+00:00\" \/>\n<meta property=\"og:image\" content=\"https:\/\/www.thelegalhigh.eu\/wp-content\/uploads\/2023\/03\/image_2023-03-27_212017119.png\" \/>\n\t<meta property=\"og:image:width\" content=\"1316\" \/>\n\t<meta property=\"og:image:height\" content=\"580\" \/>\n\t<meta property=\"og:image:type\" content=\"image\/png\" \/>\n<meta name=\"twitter:card\" content=\"summary_large_image\" \/>\n<meta name=\"twitter:label1\" content=\"Gesch\u00e4tzte Lesezeit\" \/>\n\t<meta name=\"twitter:data1\" content=\"8\u00a0Minuten\" \/>\n<!-- \/ Yoast SEO plugin. -->","yoast_head_json":{"title":"Terms & Conditions | The Legal High","robots":{"index":"index","follow":"follow","max-snippet":"max-snippet:-1","max-image-preview":"max-image-preview:large","max-video-preview":"max-video-preview:-1"},"canonical":"https:\/\/www.thelegalhigh.eu\/de\/terms\/","og_locale":"de_DE","og_type":"article","og_title":"Terms & Conditions | The Legal High","og_description":"Terms &#038;Conditions Terms and conditions These Website Standard Terms and Conditions written on this webpage shall manage your use of our website, thelegalhigh.eu, accessible at www.thelegalhigh.eu. By visiting our site and\/or purchasing something from us, you engage in our \u201cService\u201d and agree to be bound by the following terms and conditions (\u201cTerms of Service,&#8221; \u201cTerms\u201d), [&hellip;]","og_url":"https:\/\/www.thelegalhigh.eu\/de\/terms\/","og_site_name":"The Legal High","article_modified_time":"2023-01-10T16:02:59+00:00","og_image":[{"width":1316,"height":580,"url":"https:\/\/www.thelegalhigh.eu\/wp-content\/uploads\/2023\/03\/image_2023-03-27_212017119.png","type":"image\/png"}],"twitter_card":"summary_large_image","twitter_misc":{"Gesch\u00e4tzte Lesezeit":"8\u00a0Minuten"},"schema":{"@context":"https:\/\/schema.org","@graph":[{"@type":"WebPage","@id":"https:\/\/www.thelegalhigh.eu\/terms\/","url":"https:\/\/www.thelegalhigh.eu\/terms\/","name":"Terms & Conditions | The Legal High","isPartOf":{"@id":"https:\/\/www.thelegalhigh.eu\/#website"},"datePublished":"2022-12-22T16:31:38+00:00","dateModified":"2023-01-10T16:02:59+00:00","breadcrumb":{"@id":"https:\/\/www.thelegalhigh.eu\/terms\/#breadcrumb"},"inLanguage":"de","potentialAction":[{"@type":"ReadAction","target":["https:\/\/www.thelegalhigh.eu\/terms\/"]}]},{"@type":"BreadcrumbList","@id":"https:\/\/www.thelegalhigh.eu\/terms\/#breadcrumb","itemListElement":[{"@type":"ListItem","position":1,"name":"Home","item":"https:\/\/www.thelegalhigh.eu\/"},{"@type":"ListItem","position":2,"name":"Terms &#038; Conditions"}]},{"@type":"WebSite","@id":"https:\/\/www.thelegalhigh.eu\/#website","url":"https:\/\/www.thelegalhigh.eu\/","name":"The Legal High","description":"A next generation online coffeeshop brought to you from Amsterdam.","publisher":{"@id":"https:\/\/www.thelegalhigh.eu\/#organization"},"potentialAction":[{"@type":"SearchAction","target":{"@type":"EntryPoint","urlTemplate":"https:\/\/www.thelegalhigh.eu\/?s={search_term_string}"},"query-input":"required name=search_term_string"}],"inLanguage":"de"},{"@type":"Organization","@id":"https:\/\/www.thelegalhigh.eu\/#organization","name":"The Legal High","url":"https:\/\/www.thelegalhigh.eu\/","logo":{"@type":"ImageObject","inLanguage":"de","@id":"https:\/\/www.thelegalhigh.eu\/#\/schema\/logo\/image\/","url":"https:\/\/www.thelegalhigh.eu\/wp-content\/uploads\/2023\/01\/cropped-image-1.png","contentUrl":"https:\/\/www.thelegalhigh.eu\/wp-content\/uploads\/2023\/01\/cropped-image-1.png","width":1000,"height":1000,"caption":"The Legal High"},"image":{"@id":"https:\/\/www.thelegalhigh.eu\/#\/schema\/logo\/image\/"}}]}},"jetpack_sharing_enabled":true,"amp_enabled":false,"_links":{"self":[{"href":"https:\/\/www.thelegalhigh.eu\/de\/wp-json\/wp\/v2\/pages\/173","targetHints":{"allow":["GET"]}}],"collection":[{"href":"https:\/\/www.thelegalhigh.eu\/de\/wp-json\/wp\/v2\/pages"}],"about":[{"href":"https:\/\/www.thelegalhigh.eu\/de\/wp-json\/wp\/v2\/types\/page"}],"author":[{"embeddable":true,"href":"https:\/\/www.thelegalhigh.eu\/de\/wp-json\/wp\/v2\/users\/2"}],"replies":[{"embeddable":true,"href":"https:\/\/www.thelegalhigh.eu\/de\/wp-json\/wp\/v2\/comments?post=173"}],"version-history":[{"count":4,"href":"https:\/\/www.thelegalhigh.eu\/de\/wp-json\/wp\/v2\/pages\/173\/revisions"}],"predecessor-version":[{"id":519,"href":"https:\/\/www.thelegalhigh.eu\/de\/wp-json\/wp\/v2\/pages\/173\/revisions\/519"}],"wp:attachment":[{"href":"https:\/\/www.thelegalhigh.eu\/de\/wp-json\/wp\/v2\/media?parent=173"}],"curies":[{"name":"wp","href":"https:\/\/api.w.org\/{rel}","templated":true}]}}