{"id":173,"date":"2022-12-22T16:31:38","date_gmt":"2022-12-22T16:31:38","guid":{"rendered":"https:\/\/thelegalhigh.eu\/?page_id=173"},"modified":"2023-01-10T16:02:59","modified_gmt":"2023-01-10T16:02:59","slug":"terms","status":"publish","type":"page","link":"https:\/\/www.thelegalhigh.eu\/es\/terms\/","title":{"rendered":"Terms &#038; Conditions"},"content":{"rendered":"<div data-elementor-type=\"wp-page\" data-elementor-id=\"173\" class=\"elementor elementor-173\" data-elementor-post-type=\"page\">\n\t\t\t\t\t\t\t\t\t<section class=\"elementor-section elementor-top-section elementor-element elementor-element-aa8271f elementor-section-boxed elementor-section-height-default elementor-section-height-default\" data-id=\"aa8271f\" data-element_type=\"section\">\n\t\t\t\t\t\t<div class=\"elementor-container elementor-column-gap-default\">\n\t\t\t\t\t<div class=\"elementor-column elementor-col-100 elementor-top-column elementor-element elementor-element-a59ea8d\" data-id=\"a59ea8d\" data-element_type=\"column\">\n\t\t\t<div class=\"elementor-widget-wrap elementor-element-populated\">\n\t\t\t\t\t\t\t\t<div class=\"elementor-element elementor-element-476af5c elementor-widget elementor-widget-heading\" data-id=\"476af5c\" data-element_type=\"widget\" data-widget_type=\"heading.default\">\n\t\t\t\t<div class=\"elementor-widget-container\">\n\t\t\t<h2 class=\"elementor-heading-title elementor-size-default\">Terms &Conditions<\/h2>\t\t<\/div>\n\t\t\t\t<\/div>\n\t\t\t\t<div class=\"elementor-element elementor-element-888ba30 elementor-widget elementor-widget-text-editor\" data-id=\"888ba30\" data-element_type=\"widget\" data-widget_type=\"text-editor.default\">\n\t\t\t\t<div class=\"elementor-widget-container\">\n\t\t\t\t\t\t\t<p><strong>T\u00e9rminos y condiciones <\/strong><\/p><p><strong>El sitio Web de estos T\u00e9rminos y Condiciones Est\u00e1ndar escrito en esta p\u00e1gina administrar su uso de nuestro sitio web, thelegalhigh.de la ue, accesible en www.thelegalhigh.eu.<\/strong><\/p><p><strong>Al visitar nuestro sitio y\/o de comprar algo de nosotros, de participar en nuestro &#034;Servicio&#034; y acepta estar obligado por los siguientes t\u00e9rminos y condiciones (&#034;T\u00e9rminos de Servicio&#034;, &#034;T\u00e9rminos&#034;), incluyendo los t\u00e9rminos y condiciones y de las pol\u00edticas que se hace referencia en el presente documento y\/o disponibles a trav\u00e9s de hiperv\u00ednculos. Estos T\u00e9rminos de Servicio se aplican a todos los usuarios del sitio.<\/strong><\/p><p><strong>&#034;La empresa&#034;<\/strong>\u00a0(referido como &#034;la Compa\u00f1\u00eda&#034;, &#034;Nosotros&#034;, &#034;nos&#034; o &#034;Nuestro&#034; en este Descargo de responsabilidad) se refiere a La Alta Jur\u00eddica.<\/p><p>&#034;Condiciones&#034; significa estos t\u00e9rminos y condiciones;<\/p><p>&#034;Bienes&#034; significa cualquier mercanc\u00eda que compra en estas Condiciones;<\/p><p>&#034;Informaci\u00f3n Personal&#034; significa los datos facilitados por usted a nosotros;<\/p><p>&#034;Servicios&#034; significa los productos que haya pedido o de otro modo adquirir en estas Condiciones;<\/p><p>&#034;Sitio web&#034; significa cualquiera de los sitios web ubicados en www.thelegalhigh.eu o cualquier otra URL que la sustituya; y<\/p><p>&#034;Usted\/Su&#034; significa la persona que ordena o de lo contrario, la compra de los productos o Servicios.<\/p><p><strong>\u00a0<\/strong><\/p><p><strong>Por favor, lea estos t\u00e9rminos de servicio cuidadosamente antes de acceder o utilizar nuestro sitio web. Al acceder o utilizar cualquier parte del sitio, usted acepta estar obligado por estos t\u00e9rminos de servicio. Si usted no acepta todos los t\u00e9rminos y condiciones de este acuerdo, entonces usted no puede acceder a la p\u00e1gina web o del uso de cualquiera de los servicios. Si estos T\u00e9rminos de Servicio son considerados como una oferta, la aceptaci\u00f3n est\u00e1 expresamente limitada a estos T\u00e9rminos de Servicio.<\/strong><\/p><p><strong>Ninguna de las nuevas caracter\u00edsticas o herramientas que se a\u00f1ade a la actual p\u00e1gina web tambi\u00e9n estar\u00e1 sujeto a los T\u00e9rminos de Servicio. Usted puede revisar la versi\u00f3n m\u00e1s actualizada de los T\u00e9rminos de Servicio en cualquier momento en esta p\u00e1gina. Nos reservamos el derecho a actualizar, modificar o reemplazar cualquier parte de estos T\u00e9rminos de Servicio, mediante la publicaci\u00f3n de actualizaciones y\/o cambios a nuestro sitio web. Es su responsabilidad revisar esta p\u00e1gina peri\u00f3dicamente para los cambios. Su continuo uso de o acceso al sitio web tras la publicaci\u00f3n de cualquier cambio constituye su aceptaci\u00f3n de dichos cambios.<\/strong><\/p><p><strong>Ning\u00fan Consejo M\u00e9dico<\/strong>.<\/p><p>El sitio web no ofrece orientaci\u00f3n m\u00e9dica. La informaci\u00f3n en el Sitio, incluyendo texto, gr\u00e1ficos y fotograf\u00edas (colectivamente, &#034;Contenido&#034;), as\u00ed como los datos de nuestros concesionarios y otros usuarios del sitio, es s\u00f3lo para fines informativos. La informaci\u00f3n no est\u00e1 destinada a ser el reemplazo de un m\u00e9dico experto de orientaci\u00f3n, diagn\u00f3stico, o tratamiento. Para el Seguro de Salud de Portabilidad y de la Ley de Responsabilidad de 1996 (HIPAA), no somos una entidad cubierta. Siempre pregunte a su m\u00e9dico o a otro experto profesional de la salud para ayudar si usted tiene alguna preocupaci\u00f3n acerca de una condici\u00f3n m\u00e9dica. Nunca descartar o posponer la obtenci\u00f3n de expertos de asesoramiento m\u00e9dico a causa de algo que leer en un sitio web! Si usted cree que puede estar experimentando una emergencia m\u00e9dica, llame a su m\u00e9dico. No hacemos ninguna recomendaci\u00f3n o aprobaci\u00f3n por cualquiera de ex\u00e1menes espec\u00edficos, procedimientos, medicamentos, m\u00e9dicos, proveedores de bienes, servicios, opiniones, u otros datos que pueden ser mencionados en el sitio web. Usted debe usar toda la informaci\u00f3n a su propio riesgo, si se trata de nosotros, de nuestro personal, la publicidad, los terceros invitamos a aparecer en la web, o de otros visitantes del sitio. El sitio web tiene contenido sexual expl\u00edcito relativos a la salud o la medicina. Es posible que no desee utilizar el sitio si usted encuentra estos elementos ofensivos.<\/p><p><strong>Modificaciones en el Servicio y los Precios<\/strong><\/p><p><strong>Los precios de nuestros productos est\u00e1n sujetos a cambios sin previo aviso.<\/strong><\/p><p><strong>Nos reservamos el derecho de, en cualquier momento, modificar o interrumpir el Servicio (o cualquier parte o contenido de la misma), sin previo aviso en cualquier momento.<\/strong><\/p><p><strong>No seremos responsables ante usted o cualquier tercero por cualquier modificaci\u00f3n, cambio de precio, suspensi\u00f3n o interrupci\u00f3n del servicio.<\/strong><\/p><p><strong>Productos o Servicios (si aplica)<\/strong><\/p><p><strong>Ciertos productos o servicios pueden estar disponibles exclusivamente en l\u00ednea a trav\u00e9s del sitio web. Estos productos o servicios pueden tener cantidades limitadas y est\u00e1n sujetas a devoluci\u00f3n o cambio \u00fanicamente de acuerdo a nuestra Pol\u00edtica de Devoluci\u00f3n.<\/strong><\/p><p><strong>Nos reservamos el derecho pero no la obligaci\u00f3n, a limitar las ventas de nuestros productos o servicios a cualquier persona, regi\u00f3n geogr\u00e1fica o jurisdicci\u00f3n. Podemos hacer uso de este derecho en un caso-por-caso. Nos reservamos el derecho de limitar las cantidades de los productos o servicios que ofrecemos. Todas las descripciones de los productos o los precios de los productos est\u00e1n sujetas a cambio en cualquier momento sin previo aviso, a la sola discreci\u00f3n de nosotros. <\/strong><\/p><p><strong>Nos reservamos el derecho de descontinuar cualquier producto en cualquier momento. Cualquier oferta de cualquier producto o servicio en este sitio es nulo donde est\u00e9 prohibido.<\/strong><\/p><p><strong>No garantizamos que la calidad de los productos, servicios, informaci\u00f3n, u otro material comprado u obtenido por usted cumpla con sus expectativas, o que cualquier error en el servicio ser\u00e1 corregido.<\/strong><\/p><p><strong>Restricci\u00f3n de edad y Verificaci\u00f3n<\/strong><\/p><p>Menores de edad o personas menores de 21 a\u00f1os de edad no est\u00e1n autorizados a utilizar este sitio Web.<\/p><p><strong>USTED DEBE SER MAYOR DE 21 A\u00d1OS PARA LA COMPRA DE PRODUCTOS DE NUESTRO SITIO. NOS RESERVAMOS EL DERECHO DE SOLICITAR PRUEBAS DE LA EDAD ANTES DE CUMPLIR CON SU PEDIDO.<\/strong><\/p><p><strong>Contenido De La Responsabilidad:<\/strong><\/p><p><strong>No seremos responsables por cualquier contenido que aparezca en su sitio web. Usted se compromete a proteger y defendernos contra todas las reclamaciones que se plantean en su sitio web. No hay enlace(s) debe aparecer en cualquier sitio web que puede ser interpretado como ofensivo, obsceno, o penal, o que infrinja, viole, o defensores de la infracci\u00f3n o la violaci\u00f3n de cualesquiera derechos de terceros.<\/strong><\/p><p><strong>Eliminaci\u00f3n de enlaces de nuestra p\u00e1gina web:<\/strong><\/p><p><strong>Si usted encuentra cualquier enlace en nuestro sitio web que es ofensivo para cualquier raz\u00f3n, usted es libre de ponerse en contacto e informar con nosotros en cualquier momento. Vamos a considerar las solicitudes para quitar los enlaces, pero no la obligaci\u00f3n, o para responder a usted directamente.<\/strong><\/p><p><strong>No podemos garantizar que la informaci\u00f3n en este sitio web es correcta. No garantizamos su integridad o exactitud, ni nos comprometemos a asegurar que el sitio web sigue estando disponible o que el material en el sitio web se mantiene hasta la fecha.<\/strong><\/p><p><strong>Licencia:<\/strong><\/p><p><strong>A menos que se indique lo contrario, thelegalhigh.de la ue y\/o sus licenciantes son los propietarios de los derechos de propiedad intelectual de todo el material en thelegalhigh.de la ue. Todos los derechos de propiedad intelectual est\u00e1n reservados. Usted puede acceder a esta desde thelegalhigh.de la ue para su uso personal, sujeto a las restricciones establecidas en estos t\u00e9rminos y condiciones.<\/strong><\/p><p><strong>Usted no debe<\/strong><\/p><ul><li><strong>Copiar o publicar material de thelegalhigh.la ue<\/strong><\/li><li><strong>Vender, alquilar o sublicenciar el material de thelegalhigh.la ue<\/strong><\/li><li><strong>Reproducir, duplicar o copiar material de thelegalhigh.la ue<\/strong><\/li><li><strong>Redistribuir el contenido de thelegalhigh.la ue<\/strong><\/li><\/ul><p><strong>Este Contrato comenzar\u00e1 en la fecha de la presente.<\/strong><\/p><p><strong>Partes de este sitio web ofrecen a los usuarios una oportunidad de publicar y el intercambio de opiniones y de informaci\u00f3n en ciertas \u00e1reas de la p\u00e1gina web. Thelegalhigh.la ue no filtrar, editar, publicar o revisar los Comentarios antes de su presencia en la web. Los comentarios no reflejan los puntos de vista y opiniones de thelegalhigh.la ue, sus agentes y\/o sus filiales. Los comentarios reflejan las opiniones de la persona que expone sus puntos de vista y opiniones. En la medida permitida por las leyes aplicables, thelegalhigh.la ue no ser\u00e1 responsable de los Comentarios o de cualquier responsabilidad, da\u00f1os, o gastos producidos y\/o sufridos como resultado de cualquier uso y\/o publicaci\u00f3n de y\/o la apariencia de los Comentarios sobre este sitio web.<\/strong><\/p><p><strong>Thelegalhigh.la ue se reserva el derecho de supervisar todos los Comentarios y eliminar cualquier Comentario que pueda ser considerado inapropiado, ofensivo, o las causas de incumplimiento de estos T\u00e9rminos y Condiciones.<\/strong><\/p><p><strong>Usted garantiza y declara que:<\/strong><\/p><ul><li><strong>Usted tiene derecho a publicar los Comentarios en nuestro sitio web y tener todos los permisos y autorizaciones necesarias para ello;<\/strong><\/li><li><strong>Los Comentarios no invadir cualquier derecho de propiedad intelectual, incluyendo, sin limitaci\u00f3n, derechos de autor, patentes o marcas registradas de terceros;<\/strong><\/li><li><strong>Los Comentarios no contienen ning\u00fan material difamatorio, injurioso, ofensivo, indecente o de otra manera ilegal de material, que es una invasi\u00f3n de la privacidad.<\/strong><\/li><li><strong>Los Comentarios no pueden ser utilizados para solicitar o promover su negocio o la costumbre o presente de una actividad comercial o una actividad il\u00edcita.<\/strong><\/li><\/ul><p><strong>Por el presente usted otorga thelegalhigh.ue una licencia no exclusiva para usar, reproducir, modificar y autorizar a otros a usar, reproducir y editar alguno de sus Comentarios en cualquiera de las formas, formatos o medios de comunicaci\u00f3n.<\/strong><\/p><p><strong>Nuestros Derechos De Propiedad Intelectual<\/strong><\/p><p>Toda la informaci\u00f3n en este sitio, incluyendo las marcas registradas, marcas de servicio y logotipos (colectivamente, las &#034;Marcas&#034;), es de nuestra propiedad o se usa con nuestro permiso. Como resultado, todo esto est\u00e1 protegido por derechos de autor y otras leyes de propiedad intelectual bajo la ley holandesa, as\u00ed como las leyes de otros pa\u00edses y los acuerdos internacionales. Nos reservamos todos los de la en-sitio y relacionados con el contenido de los derechos que de otro modo no son expresamente concedidos. Las caracter\u00edsticas relacionadas con la seguridad de este sitio, as\u00ed como aquellos que: (a) impedir o restringir el uso o copia de cualquier contenido, o\u00a0<\/p><p>(b) hacer cumplir las restricciones sobre el uso de este sitio o el contenido de este sitio, que no se puede eludir, discapacitados, o de otra forma interferir.<\/p><p>Adem\u00e1s, a menos que est\u00e9 expresamente permitido por nosotros en un acuerdo por escrito independiente, usted se compromete a no acceder a nuestro sitio a trav\u00e9s de cualquier m\u00e9todo distinto a la interfaz que nos proporcionan. Su autorizaci\u00f3n para utilizar el contenido expira autom\u00e1ticamente si se rompe alguna de estas reglas, y cualquier copia que haya hecho de que el contenido o cualquier parte de ella\u2014debe ser destruido de inmediato.<\/p><p><strong>\u00a0<\/strong><\/p><p><strong>P\u00f3ngase En Contacto Con Nosotros<\/strong><\/p><p><strong>Preguntas acerca de los T\u00e9rminos de Servicio debe ser enviada a nosotros info@thelegalhigh.com<\/strong><\/p><p>\u00a0<\/p><p>\u00daltima Actualizaci\u00f3n: 18 De Agosto De 2022<\/p>\t\t\t\t\t\t<\/div>\n\t\t\t\t<\/div>\n\t\t\t\t\t<\/div>\n\t\t<\/div>\n\t\t\t\t\t\t\t<\/div>\n\t\t<\/section>\n\t\t\t\t\t\t\t<\/div>","protected":false},"excerpt":{"rendered":"<p>Terms &#038;Conditions Terms and conditions These Website Standard Terms and Conditions written on this webpage shall manage your use of our website, thelegalhigh.eu, accessible at www.thelegalhigh.eu. By visiting our site and\/or purchasing something from us, you engage in our \u201cService\u201d and agree to be bound by the following terms and conditions (\u201cTerms of Service,&#8221; \u201cTerms\u201d), [&hellip;]<\/p>","protected":false},"author":2,"featured_media":0,"parent":0,"menu_order":0,"comment_status":"closed","ping_status":"closed","template":"elementor_header_footer","meta":{"_joinchat":[],"footnotes":""},"class_list":["post-173","page","type-page","status-publish","hentry"],"yoast_head":"<!-- This site is optimized with the Yoast SEO plugin v21.5 - https:\/\/yoast.com\/wordpress\/plugins\/seo\/ -->\n<title>Terms &amp; Conditions | The Legal High<\/title>\n<meta name=\"robots\" content=\"index, follow, max-snippet:-1, max-image-preview:large, max-video-preview:-1\" \/>\n<link rel=\"canonical\" href=\"https:\/\/www.thelegalhigh.eu\/es\/terms\/\" \/>\n<meta property=\"og:locale\" content=\"es_ES\" \/>\n<meta property=\"og:type\" content=\"article\" \/>\n<meta property=\"og:title\" content=\"Terms &amp; Conditions | The Legal High\" \/>\n<meta property=\"og:description\" content=\"Terms &#038;Conditions Terms and conditions These Website Standard Terms and Conditions written on this webpage shall manage your use of our website, thelegalhigh.eu, accessible at www.thelegalhigh.eu. By visiting our site and\/or purchasing something from us, you engage in our \u201cService\u201d and agree to be bound by the following terms and conditions (\u201cTerms of Service,&#8221; \u201cTerms\u201d), [&hellip;]\" \/>\n<meta property=\"og:url\" content=\"https:\/\/www.thelegalhigh.eu\/es\/terms\/\" \/>\n<meta property=\"og:site_name\" content=\"The Legal High\" \/>\n<meta property=\"article:modified_time\" content=\"2023-01-10T16:02:59+00:00\" \/>\n<meta property=\"og:image\" content=\"https:\/\/www.thelegalhigh.eu\/wp-content\/uploads\/2023\/03\/image_2023-03-27_212017119.png\" \/>\n\t<meta property=\"og:image:width\" content=\"1316\" \/>\n\t<meta property=\"og:image:height\" content=\"580\" \/>\n\t<meta property=\"og:image:type\" content=\"image\/png\" \/>\n<meta name=\"twitter:card\" content=\"summary_large_image\" \/>\n<meta name=\"twitter:label1\" content=\"Tiempo de lectura\" \/>\n\t<meta name=\"twitter:data1\" content=\"8 minutos\" \/>\n<!-- \/ Yoast SEO plugin. -->","yoast_head_json":{"title":"Terms & Conditions | The Legal High","robots":{"index":"index","follow":"follow","max-snippet":"max-snippet:-1","max-image-preview":"max-image-preview:large","max-video-preview":"max-video-preview:-1"},"canonical":"https:\/\/www.thelegalhigh.eu\/es\/terms\/","og_locale":"es_ES","og_type":"article","og_title":"Terms & Conditions | The Legal High","og_description":"Terms &#038;Conditions Terms and conditions These Website Standard Terms and Conditions written on this webpage shall manage your use of our website, thelegalhigh.eu, accessible at www.thelegalhigh.eu. By visiting our site and\/or purchasing something from us, you engage in our \u201cService\u201d and agree to be bound by the following terms and conditions (\u201cTerms of Service,&#8221; \u201cTerms\u201d), [&hellip;]","og_url":"https:\/\/www.thelegalhigh.eu\/es\/terms\/","og_site_name":"The Legal High","article_modified_time":"2023-01-10T16:02:59+00:00","og_image":[{"width":1316,"height":580,"url":"https:\/\/www.thelegalhigh.eu\/wp-content\/uploads\/2023\/03\/image_2023-03-27_212017119.png","type":"image\/png"}],"twitter_card":"summary_large_image","twitter_misc":{"Tiempo de lectura":"8 minutos"},"schema":{"@context":"https:\/\/schema.org","@graph":[{"@type":"WebPage","@id":"https:\/\/www.thelegalhigh.eu\/terms\/","url":"https:\/\/www.thelegalhigh.eu\/terms\/","name":"Terms & Conditions | The Legal High","isPartOf":{"@id":"https:\/\/www.thelegalhigh.eu\/#website"},"datePublished":"2022-12-22T16:31:38+00:00","dateModified":"2023-01-10T16:02:59+00:00","breadcrumb":{"@id":"https:\/\/www.thelegalhigh.eu\/terms\/#breadcrumb"},"inLanguage":"es","potentialAction":[{"@type":"ReadAction","target":["https:\/\/www.thelegalhigh.eu\/terms\/"]}]},{"@type":"BreadcrumbList","@id":"https:\/\/www.thelegalhigh.eu\/terms\/#breadcrumb","itemListElement":[{"@type":"ListItem","position":1,"name":"Home","item":"https:\/\/www.thelegalhigh.eu\/"},{"@type":"ListItem","position":2,"name":"Terms &#038; Conditions"}]},{"@type":"WebSite","@id":"https:\/\/www.thelegalhigh.eu\/#website","url":"https:\/\/www.thelegalhigh.eu\/","name":"The Legal High","description":"A next generation online coffeeshop brought to you from Amsterdam.","publisher":{"@id":"https:\/\/www.thelegalhigh.eu\/#organization"},"potentialAction":[{"@type":"SearchAction","target":{"@type":"EntryPoint","urlTemplate":"https:\/\/www.thelegalhigh.eu\/?s={search_term_string}"},"query-input":"required name=search_term_string"}],"inLanguage":"es"},{"@type":"Organization","@id":"https:\/\/www.thelegalhigh.eu\/#organization","name":"The Legal High","url":"https:\/\/www.thelegalhigh.eu\/","logo":{"@type":"ImageObject","inLanguage":"es","@id":"https:\/\/www.thelegalhigh.eu\/#\/schema\/logo\/image\/","url":"https:\/\/www.thelegalhigh.eu\/wp-content\/uploads\/2023\/01\/cropped-image-1.png","contentUrl":"https:\/\/www.thelegalhigh.eu\/wp-content\/uploads\/2023\/01\/cropped-image-1.png","width":1000,"height":1000,"caption":"The Legal High"},"image":{"@id":"https:\/\/www.thelegalhigh.eu\/#\/schema\/logo\/image\/"}}]}},"jetpack_sharing_enabled":true,"amp_enabled":false,"_links":{"self":[{"href":"https:\/\/www.thelegalhigh.eu\/es\/wp-json\/wp\/v2\/pages\/173","targetHints":{"allow":["GET"]}}],"collection":[{"href":"https:\/\/www.thelegalhigh.eu\/es\/wp-json\/wp\/v2\/pages"}],"about":[{"href":"https:\/\/www.thelegalhigh.eu\/es\/wp-json\/wp\/v2\/types\/page"}],"author":[{"embeddable":true,"href":"https:\/\/www.thelegalhigh.eu\/es\/wp-json\/wp\/v2\/users\/2"}],"replies":[{"embeddable":true,"href":"https:\/\/www.thelegalhigh.eu\/es\/wp-json\/wp\/v2\/comments?post=173"}],"version-history":[{"count":4,"href":"https:\/\/www.thelegalhigh.eu\/es\/wp-json\/wp\/v2\/pages\/173\/revisions"}],"predecessor-version":[{"id":519,"href":"https:\/\/www.thelegalhigh.eu\/es\/wp-json\/wp\/v2\/pages\/173\/revisions\/519"}],"wp:attachment":[{"href":"https:\/\/www.thelegalhigh.eu\/es\/wp-json\/wp\/v2\/media?parent=173"}],"curies":[{"name":"wp","href":"https:\/\/api.w.org\/{rel}","templated":true}]}}