{"id":1250,"date":"2023-03-17T11:10:17","date_gmt":"2023-03-17T11:10:17","guid":{"rendered":"https:\/\/thelegalhigh.eu\/?page_id=1250"},"modified":"2023-03-30T13:58:38","modified_gmt":"2023-03-30T13:58:38","slug":"give_aways","status":"publish","type":"page","link":"https:\/\/www.thelegalhigh.eu\/fr\/give_aways\/","title":{"rendered":"Cadeaux De"},"content":{"rendered":"<div data-elementor-type=\"wp-page\" data-elementor-id=\"1250\" class=\"elementor elementor-1250\" data-elementor-post-type=\"page\">\n\t\t\t\t\t\t\t\t\t<section class=\"elementor-section elementor-top-section elementor-element elementor-element-0fa62ec elementor-section-height-min-height elementor-section-items-stretch elementor-section-boxed elementor-section-height-default\" data-id=\"0fa62ec\" data-element_type=\"section\" data-settings=\"{&quot;background_background&quot;:&quot;classic&quot;}\">\n\t\t\t\t\t\t<div class=\"elementor-container elementor-column-gap-default\">\n\t\t\t\t\t<div class=\"elementor-column elementor-col-100 elementor-top-column elementor-element elementor-element-e862410\" data-id=\"e862410\" data-element_type=\"column\">\n\t\t\t<div class=\"elementor-widget-wrap elementor-element-populated\">\n\t\t\t\t\t\t\t\t<div class=\"elementor-element elementor-element-9ea766e elementor-widget elementor-widget-heading\" data-id=\"9ea766e\" data-element_type=\"widget\" data-settings=\"{&quot;motion_fx_motion_fx_mouse&quot;:&quot;yes&quot;}\" data-widget_type=\"heading.default\">\n\t\t\t\t<div class=\"elementor-widget-container\">\n\t\t\t<h2 class=\"elementor-heading-title elementor-size-default\">Entrez maintenant de gagner des prix incroyables! <\/h2>\t\t<\/div>\n\t\t\t\t<\/div>\n\t\t\t\t<section class=\"elementor-section elementor-inner-section elementor-element elementor-element-f3f8a5d elementor-section-height-min-height elementor-section-boxed elementor-section-height-default\" data-id=\"f3f8a5d\" data-element_type=\"section\">\n\t\t\t\t\t\t<div class=\"elementor-container elementor-column-gap-default\">\n\t\t\t\t\t<div class=\"elementor-column elementor-col-33 elementor-inner-column elementor-element elementor-element-fe42473\" data-id=\"fe42473\" data-element_type=\"column\" data-settings=\"{&quot;background_background&quot;:&quot;classic&quot;}\">\n\t\t\t<div class=\"elementor-widget-wrap elementor-element-populated\">\n\t\t\t\t\t\t\t\t<div class=\"elementor-element elementor-element-54e079d elementor-widget elementor-widget-heading\" data-id=\"54e079d\" data-element_type=\"widget\" data-settings=\"{&quot;motion_fx_motion_fx_mouse&quot;:&quot;yes&quot;}\" data-widget_type=\"heading.default\">\n\t\t\t\t<div class=\"elementor-widget-container\">\n\t\t\t<h2 class=\"elementor-heading-title elementor-size-default\">Prix hebdomadaires<\/h2>\t\t<\/div>\n\t\t\t\t<\/div>\n\t\t\t\t<div class=\"elementor-element elementor-element-4815539 elementor-widget elementor-widget-image\" data-id=\"4815539\" data-element_type=\"widget\" data-widget_type=\"image.default\">\n\t\t\t\t<div class=\"elementor-widget-container\">\n\t\t\t\t\t\t\t\t\t\t\t\t\t\t\t<img loading=\"lazy\" decoding=\"async\" width=\"300\" height=\"300\" src=\"https:\/\/www.thelegalhigh.eu\/wp-content\/uploads\/2023\/02\/Artboard-12-300x300.png\" class=\"attachment-medium size-medium wp-image-1117\" alt=\"\" srcset=\"https:\/\/www.thelegalhigh.eu\/wp-content\/uploads\/2023\/02\/Artboard-12-300x300.png 300w, https:\/\/www.thelegalhigh.eu\/wp-content\/uploads\/2023\/02\/Artboard-12-150x150.png 150w, https:\/\/www.thelegalhigh.eu\/wp-content\/uploads\/2023\/02\/Artboard-12-12x12.png 12w, https:\/\/www.thelegalhigh.eu\/wp-content\/uploads\/2023\/02\/Artboard-12-100x100.png 100w, https:\/\/www.thelegalhigh.eu\/wp-content\/uploads\/2023\/02\/Artboard-12.png 512w\" sizes=\"auto, (max-width: 300px) 100vw, 300px\" \/>\t\t\t\t\t\t\t\t\t\t\t\t\t\t\t<\/div>\n\t\t\t\t<\/div>\n\t\t\t\t<div class=\"elementor-element elementor-element-180ccc9 elementor-align-center elementor-icon-list--layout-traditional elementor-list-item-link-full_width elementor-widget elementor-widget-icon-list\" data-id=\"180ccc9\" data-element_type=\"widget\" data-widget_type=\"icon-list.default\">\n\t\t\t\t<div class=\"elementor-widget-container\">\n\t\t\t\t\t<ul class=\"elementor-icon-list-items\">\n\t\t\t\t\t\t\t<li class=\"elementor-icon-list-item\">\n\t\t\t\t\t\t\t\t\t\t<span class=\"elementor-icon-list-text\">Chaque semaine, une chance de gagner un super prix!<\/span>\n\t\t\t\t\t\t\t\t\t<\/li>\n\t\t\t\t\t\t\t\t<li class=\"elementor-icon-list-item\">\n\t\t\t\t\t\t\t\t\t\t<span class=\"elementor-icon-list-text\">Gagnez un Pack de 3 Gamecase Stoney V Vaporisateurs<\/span>\n\t\t\t\t\t\t\t\t\t<\/li>\n\t\t\t\t\t\t\t\t<li class=\"elementor-icon-list-item\">\n\t\t\t\t\t\t\t\t\t\t<span class=\"elementor-icon-list-text\">20-03-2023 Jusqu&#039; <br>20-04-2023<\/span>\n\t\t\t\t\t\t\t\t\t<\/li>\n\t\t\t\t\t\t<\/ul>\n\t\t\t\t<\/div>\n\t\t\t\t<\/div>\n\t\t\t\t\t<\/div>\n\t\t<\/div>\n\t\t\t\t<div class=\"elementor-column elementor-col-33 elementor-inner-column elementor-element elementor-element-592efdb\" data-id=\"592efdb\" data-element_type=\"column\">\n\t\t\t<div class=\"elementor-widget-wrap\">\n\t\t\t\t\t\t\t\t\t<\/div>\n\t\t<\/div>\n\t\t\t\t<div class=\"elementor-column elementor-col-33 elementor-inner-column elementor-element elementor-element-5e876a8\" data-id=\"5e876a8\" data-element_type=\"column\" data-settings=\"{&quot;background_background&quot;:&quot;classic&quot;}\">\n\t\t\t<div class=\"elementor-widget-wrap elementor-element-populated\">\n\t\t\t\t\t\t\t\t<div class=\"elementor-element elementor-element-76e9e29 elementor-widget elementor-widget-heading\" data-id=\"76e9e29\" data-element_type=\"widget\" data-settings=\"{&quot;motion_fx_motion_fx_mouse&quot;:&quot;yes&quot;}\" data-widget_type=\"heading.default\">\n\t\t\t\t<div class=\"elementor-widget-container\">\n\t\t\t<h2 class=\"elementor-heading-title elementor-size-default\">Grand Prix!<\/h2>\t\t<\/div>\n\t\t\t\t<\/div>\n\t\t\t\t<div class=\"elementor-element elementor-element-2811bfb elementor-widget elementor-widget-heading\" data-id=\"2811bfb\" data-element_type=\"widget\" data-widget_type=\"heading.default\">\n\t\t\t\t<div class=\"elementor-widget-container\">\n\t\t\t<h2 class=\"elementor-heading-title elementor-size-default\">\u20ac250,-<\/h2>\t\t<\/div>\n\t\t\t\t<\/div>\n\t\t\t\t<div class=\"elementor-element elementor-element-1b6d9ab elementor-align-center elementor-mobile-align-center elementor-icon-list--layout-traditional elementor-list-item-link-full_width elementor-widget elementor-widget-icon-list\" data-id=\"1b6d9ab\" data-element_type=\"widget\" data-widget_type=\"icon-list.default\">\n\t\t\t\t<div class=\"elementor-widget-container\">\n\t\t\t\t\t<ul class=\"elementor-icon-list-items\">\n\t\t\t\t\t\t\t<li class=\"elementor-icon-list-item\">\n\t\t\t\t\t\t\t\t\t\t<span class=\"elementor-icon-list-text\">GAGNER de \u20ac250,- la banque de Cr\u00e9dit!<\/span>\n\t\t\t\t\t\t\t\t\t<\/li>\n\t\t\t\t\t\t\t\t<li class=\"elementor-icon-list-item\">\n\t\t\t\t\t\t\t\t\t\t<span class=\"elementor-icon-list-text\">Suivez les \u00e9tapes ci-dessous<\/span>\n\t\t\t\t\t\t\t\t\t<\/li>\n\t\t\t\t\t\t\t\t<li class=\"elementor-icon-list-item\">\n\t\t\t\t\t\t\t\t\t\t<span class=\"elementor-icon-list-text\">Gagnant annonc\u00e9 sur <br>20-04-2023<\/span>\n\t\t\t\t\t\t\t\t\t<\/li>\n\t\t\t\t\t\t<\/ul>\n\t\t\t\t<\/div>\n\t\t\t\t<\/div>\n\t\t\t\t\t<\/div>\n\t\t<\/div>\n\t\t\t\t\t\t\t<\/div>\n\t\t<\/section>\n\t\t\t\t<section class=\"elementor-section elementor-inner-section elementor-element elementor-element-fa1fe1e elementor-section-height-min-height elementor-section-boxed elementor-section-height-default\" data-id=\"fa1fe1e\" data-element_type=\"section\">\n\t\t\t\t\t\t<div class=\"elementor-container elementor-column-gap-default\">\n\t\t\t\t\t<div class=\"elementor-column elementor-col-100 elementor-inner-column elementor-element elementor-element-03edee2\" data-id=\"03edee2\" data-element_type=\"column\" data-settings=\"{&quot;background_background&quot;:&quot;classic&quot;}\">\n\t\t\t<div class=\"elementor-widget-wrap elementor-element-populated\">\n\t\t\t\t\t\t\t\t<div class=\"elementor-element elementor-element-8bb300a elementor-invisible elementor-widget elementor-widget-heading\" data-id=\"8bb300a\" data-element_type=\"widget\" data-settings=\"{&quot;_animation&quot;:&quot;slideInRight&quot;}\" data-widget_type=\"heading.default\">\n\t\t\t\t<div class=\"elementor-widget-container\">\n\t\t\t<h2 class=\"elementor-heading-title elementor-size-default\">COMMENT FAIRE POUR GAGNER!<\/h2>\t\t<\/div>\n\t\t\t\t<\/div>\n\t\t\t\t<div class=\"elementor-element elementor-element-c0eb6ad elementor-widget elementor-widget-heading\" data-id=\"c0eb6ad\" data-element_type=\"widget\" data-settings=\"{&quot;motion_fx_motion_fx_mouse&quot;:&quot;yes&quot;}\" data-widget_type=\"heading.default\">\n\t\t\t\t<div class=\"elementor-widget-container\">\n\t\t\t<h2 class=\"elementor-heading-title elementor-size-default\">Les R\u00e8gles Et Les Infos<\/h2>\t\t<\/div>\n\t\t\t\t<\/div>\n\t\t\t\t<div class=\"elementor-element elementor-element-79ec283 elementor-widget elementor-widget-text-editor\" data-id=\"79ec283\" data-element_type=\"widget\" data-widget_type=\"text-editor.default\">\n\t\t\t\t<div class=\"elementor-widget-container\">\n\t\t\t\t\t\t\t<ul><li>Suivez La Haute Morale <a href=\"https:\/\/www.instagram.com\/thelegalhigh.eu\/\">Sur Instagram<\/a>\u00a0<\/li><li>Entrez votre e-mail et Instagram nom d&#039;utilisateur ci-dessous.<\/li><li>Les gagnants seront annonc\u00e9s sur Instagram, la semaine ou le 20 avril 2024 pour le cr\u00e9dit de magasin cadeau.<\/li><li>Tous les concurrents sont automatiquement inscrits dans les deux comp\u00e9titions et des concours futurs, tant que les conditions sont remplies.<\/li><li>Les entr\u00e9es multiples sont autoris\u00e9s cependant, toutes les entr\u00e9es doivent avoir un unique Instagram compte et votre email pour \u00eatre valide.\u00a0<\/li><li>Vous \u00eates d&#039;accord avec nos termes et conditions ainsi que notre politique de confidentialit\u00e9.<\/li><\/ul>\t\t\t\t\t\t<\/div>\n\t\t\t\t<\/div>\n\t\t\t\t<div class=\"elementor-element elementor-element-8aac41e elementor-widget elementor-widget-text-editor\" data-id=\"8aac41e\" data-element_type=\"widget\" data-widget_type=\"text-editor.default\">\n\t\t\t\t<div class=\"elementor-widget-container\">\n\t\t\t\t\t\t\t\t\t\t\t\t\t<\/div>\n\t\t\t\t<\/div>\n\t\t\t\t\t<\/div>\n\t\t<\/div>\n\t\t\t\t\t\t\t<\/div>\n\t\t<\/section>\n\t\t\t\t<section class=\"elementor-section elementor-inner-section elementor-element elementor-element-2663d44 elementor-section-height-min-height elementor-section-boxed elementor-section-height-default\" data-id=\"2663d44\" data-element_type=\"section\">\n\t\t\t\t\t\t<div class=\"elementor-container elementor-column-gap-default\">\n\t\t\t\t\t<div class=\"elementor-column elementor-col-100 elementor-inner-column elementor-element elementor-element-cb6ffe5\" data-id=\"cb6ffe5\" data-element_type=\"column\" data-settings=\"{&quot;background_background&quot;:&quot;classic&quot;}\">\n\t\t\t<div class=\"elementor-widget-wrap elementor-element-populated\">\n\t\t\t\t\t\t\t\t<div class=\"elementor-element elementor-element-6ee4b30 elementor-button-align-stretch elementor-widget elementor-widget-form\" data-id=\"6ee4b30\" data-element_type=\"widget\" data-settings=\"{&quot;step_next_label&quot;:&quot;Next&quot;,&quot;step_previous_label&quot;:&quot;Previous&quot;,&quot;button_width&quot;:&quot;100&quot;,&quot;step_type&quot;:&quot;number_text&quot;,&quot;step_icon_shape&quot;:&quot;circle&quot;}\" data-widget_type=\"form.default\">\n\t\t\t\t<div class=\"elementor-widget-container\">\n\t\t\t\t\t<form class=\"elementor-form\" method=\"post\" id=\"Email_Entry_GiveAway\" name=\"Give_Away_Sign_Up\" action=\"\">\n\t\t\t<input type=\"hidden\" name=\"post_id\" value=\"1250\"\/>\n\t\t\t<input type=\"hidden\" name=\"form_id\" value=\"6ee4b30\"\/>\n\t\t\t<input type=\"hidden\" name=\"referer_title\" value=\"The Legal High\" \/>\n\n\t\t\t\n\t\t\t<div class=\"elementor-form-fields-wrapper elementor-labels-above\">\n\t\t\t\t\t\t\t\t<div class=\"elementor-field-type-email elementor-field-group elementor-column elementor-field-group-email elementor-col-100 elementor-field-required elementor-mark-required\">\n\t\t\t\t\t\t\t\t\t\t\t\t<label for=\"form-field-email\" class=\"elementor-field-label\">\n\t\t\t\t\t\t\t\tE-mail\t\t\t\t\t\t\t<\/label>\n\t\t\t\t\t\t\t\t\t\t\t\t\t\t<input size=\"1\" type=\"email\" name=\"form_fields[email]\" id=\"form-field-email\" class=\"elementor-field elementor-size-sm  elementor-field-textual\" placeholder=\"Veuillez entrer votre e-mail. \" required=\"required\" aria-required=\"true\">\n\t\t\t\t\t\t\t\t\t\t\t<\/div>\n\t\t\t\t\t\t\t\t<div class=\"elementor-field-type-text elementor-field-group elementor-column elementor-field-group-field_a2a41d4 elementor-col-100 elementor-field-required elementor-mark-required\">\n\t\t\t\t\t\t\t\t\t\t\t\t<label for=\"form-field-field_a2a41d4\" class=\"elementor-field-label\">\n\t\t\t\t\t\t\t\tInstagram Nom D&#039;Utilisateur\t\t\t\t\t\t\t<\/label>\n\t\t\t\t\t\t\t\t\t\t\t\t\t\t<input size=\"1\" type=\"text\" name=\"form_fields[field_a2a41d4]\" id=\"form-field-field_a2a41d4\" class=\"elementor-field elementor-size-sm  elementor-field-textual\" placeholder=\"Veuillez entrer votre Instagram nom d&#039;utilisateur correctement!\" required=\"required\" aria-required=\"true\">\n\t\t\t\t\t\t\t\t\t\t\t<\/div>\n\t\t\t\t\t\t\t\t<div class=\"elementor-field-type-acceptance elementor-field-group elementor-column elementor-field-group-field_0988590 elementor-col-100\">\n\t\t\t\t\t\t\t<div class=\"elementor-field-subgroup\">\n\t\t\t<span class=\"elementor-field-option\">\n\t\t\t\t<input type=\"checkbox\" name=\"form_fields[field_0988590]\" id=\"form-field-field_0988590\" class=\"elementor-field elementor-size-sm  elementor-acceptance-field\">\n\t\t\t\t<label for=\"form-field-field_0988590\">J&#039;accepte les termes &amp; conditions pour entrer dans cette m\u00e8nent \u00e9num\u00e9r\u00e9s ci-dessous. Aswell comme je vous l&#039;accorde l&#039;autorisation de La Haute morale et de ses filiales pour stocker mes donn\u00e9es et de m&#039;envoyer des courriels au sujet de ce give-away ainsi que d&#039;autres g\u00e9n\u00e9ral de marketing et communication<\/label>\t\t\t<\/span>\n\t\t<\/div>\n\t\t\t\t\t\t<\/div>\n\t\t\t\t\t\t\t\t<div class=\"elementor-field-group elementor-column elementor-field-type-submit elementor-col-100 e-form__buttons\">\n\t\t\t\t\t<button type=\"submit\" class=\"elementor-button elementor-size-sm\">\n\t\t\t\t\t\t<span >\n\t\t\t\t\t\t\t\t\t\t\t\t\t\t\t<span class=\"elementor-button-icon\">\n\t\t\t\t\t\t\t\t\t\t\t\t\t\t\t\t\t\t\t\t\t\t\t\t\t\t<\/span>\n\t\t\t\t\t\t\t\t\t\t\t\t\t\t\t\t\t\t\t\t\t\t<span class=\"elementor-button-text\">Envoyer<\/span>\n\t\t\t\t\t\t\t\t\t\t\t\t\t<\/span>\n\t\t\t\t\t<\/button>\n\t\t\t\t<\/div>\n\t\t\t<\/div>\n\t\t<input type=\"hidden\" name=\"trp-form-language\" value=\"fr\"\/><\/form>\n\t\t\t\t<\/div>\n\t\t\t\t<\/div>\n\t\t\t\t<div class=\"elementor-element elementor-element-266b8d0 elementor-widget elementor-widget-heading\" data-id=\"266b8d0\" data-element_type=\"widget\" data-settings=\"{&quot;motion_fx_motion_fx_mouse&quot;:&quot;yes&quot;}\" data-widget_type=\"heading.default\">\n\t\t\t\t<div class=\"elementor-widget-container\">\n\t\t\t<h2 class=\"elementor-heading-title elementor-size-default\">Entrez votre email et Suivez \u00e0 gagner!<\/h2>\t\t<\/div>\n\t\t\t\t<\/div>\n\t\t\t\t\t<\/div>\n\t\t<\/div>\n\t\t\t\t\t\t\t<\/div>\n\t\t<\/section>\n\t\t\t\t\t<\/div>\n\t\t<\/div>\n\t\t\t\t\t\t\t<\/div>\n\t\t<\/section>\n\t\t\t\t\t\t\t<\/div>","protected":false},"excerpt":{"rendered":"<p>Enter now to win amazing prizes! Weekly prizes Every week a chance to win an awesome prize! Win a 3-Pack Gamecase Stoney V Vaporizers 20-03-2023 Until 20-04-2023 Big Prize! \u20ac250,- WIN \u20ac250,- Store Credit! Follow the steps below Winner announced on 20-04-2023 HOW TO WIN! Rules And Info Follow The Legal High On Instagram\u00a0 Enter [&hellip;]<\/p>","protected":false},"author":1,"featured_media":0,"parent":0,"menu_order":0,"comment_status":"closed","ping_status":"closed","template":"elementor_header_footer","meta":{"_joinchat":[],"footnotes":""},"class_list":["post-1250","page","type-page","status-publish","hentry"],"yoast_head":"<!-- This site is optimized with the Yoast SEO plugin v21.5 - https:\/\/yoast.com\/wordpress\/plugins\/seo\/ -->\n<title>Give Aways | The Legal High<\/title>\n<meta name=\"robots\" content=\"index, follow, max-snippet:-1, max-image-preview:large, max-video-preview:-1\" \/>\n<link rel=\"canonical\" href=\"https:\/\/www.thelegalhigh.eu\/fr\/give_aways\/\" \/>\n<meta property=\"og:locale\" content=\"fr_FR\" \/>\n<meta property=\"og:type\" content=\"article\" \/>\n<meta property=\"og:title\" content=\"Give Aways | The Legal High\" \/>\n<meta property=\"og:description\" content=\"Enter now to win amazing prizes! Weekly prizes Every week a chance to win an awesome prize! Win a 3-Pack Gamecase Stoney V Vaporizers 20-03-2023 Until 20-04-2023 Big Prize! \u20ac250,- WIN \u20ac250,- Store Credit! Follow the steps below Winner announced on 20-04-2023 HOW TO WIN! Rules And Info Follow The Legal High On Instagram\u00a0 Enter [&hellip;]\" \/>\n<meta property=\"og:url\" content=\"https:\/\/www.thelegalhigh.eu\/fr\/give_aways\/\" \/>\n<meta property=\"og:site_name\" content=\"The Legal High\" \/>\n<meta property=\"article:modified_time\" content=\"2023-03-30T13:58:38+00:00\" \/>\n<meta property=\"og:image\" content=\"https:\/\/www.thelegalhigh.eu\/wp-content\/uploads\/2023\/02\/Artboard-12-300x300.png\" \/>\n<meta name=\"twitter:card\" content=\"summary_large_image\" \/>\n<meta name=\"twitter:label1\" content=\"Dur\u00e9e de lecture estim\u00e9e\" \/>\n\t<meta name=\"twitter:data1\" content=\"1 minute\" \/>\n<!-- \/ Yoast SEO plugin. -->","yoast_head_json":{"title":"Give Aways | The Legal High","robots":{"index":"index","follow":"follow","max-snippet":"max-snippet:-1","max-image-preview":"max-image-preview:large","max-video-preview":"max-video-preview:-1"},"canonical":"https:\/\/www.thelegalhigh.eu\/fr\/give_aways\/","og_locale":"fr_FR","og_type":"article","og_title":"Give Aways | The Legal High","og_description":"Enter now to win amazing prizes! Weekly prizes Every week a chance to win an awesome prize! Win a 3-Pack Gamecase Stoney V Vaporizers 20-03-2023 Until 20-04-2023 Big Prize! \u20ac250,- WIN \u20ac250,- Store Credit! Follow the steps below Winner announced on 20-04-2023 HOW TO WIN! Rules And Info Follow The Legal High On Instagram\u00a0 Enter [&hellip;]","og_url":"https:\/\/www.thelegalhigh.eu\/fr\/give_aways\/","og_site_name":"The Legal High","article_modified_time":"2023-03-30T13:58:38+00:00","og_image":[{"url":"https:\/\/www.thelegalhigh.eu\/wp-content\/uploads\/2023\/02\/Artboard-12-300x300.png"}],"twitter_card":"summary_large_image","twitter_misc":{"Dur\u00e9e de lecture estim\u00e9e":"1 minute"},"schema":{"@context":"https:\/\/schema.org","@graph":[{"@type":"WebPage","@id":"https:\/\/www.thelegalhigh.eu\/give_aways\/","url":"https:\/\/www.thelegalhigh.eu\/give_aways\/","name":"Give Aways | The Legal High","isPartOf":{"@id":"https:\/\/www.thelegalhigh.eu\/#website"},"datePublished":"2023-03-17T11:10:17+00:00","dateModified":"2023-03-30T13:58:38+00:00","breadcrumb":{"@id":"https:\/\/www.thelegalhigh.eu\/give_aways\/#breadcrumb"},"inLanguage":"fr-FR","potentialAction":[{"@type":"ReadAction","target":["https:\/\/www.thelegalhigh.eu\/give_aways\/"]}]},{"@type":"BreadcrumbList","@id":"https:\/\/www.thelegalhigh.eu\/give_aways\/#breadcrumb","itemListElement":[{"@type":"ListItem","position":1,"name":"Home","item":"https:\/\/www.thelegalhigh.eu\/"},{"@type":"ListItem","position":2,"name":"Give Aways"}]},{"@type":"WebSite","@id":"https:\/\/www.thelegalhigh.eu\/#website","url":"https:\/\/www.thelegalhigh.eu\/","name":"The Legal High","description":"A next generation online coffeeshop brought to you from Amsterdam.","publisher":{"@id":"https:\/\/www.thelegalhigh.eu\/#organization"},"potentialAction":[{"@type":"SearchAction","target":{"@type":"EntryPoint","urlTemplate":"https:\/\/www.thelegalhigh.eu\/?s={search_term_string}"},"query-input":"required name=search_term_string"}],"inLanguage":"fr-FR"},{"@type":"Organization","@id":"https:\/\/www.thelegalhigh.eu\/#organization","name":"The Legal High","url":"https:\/\/www.thelegalhigh.eu\/","logo":{"@type":"ImageObject","inLanguage":"fr-FR","@id":"https:\/\/www.thelegalhigh.eu\/#\/schema\/logo\/image\/","url":"https:\/\/www.thelegalhigh.eu\/wp-content\/uploads\/2023\/01\/cropped-image-1.png","contentUrl":"https:\/\/www.thelegalhigh.eu\/wp-content\/uploads\/2023\/01\/cropped-image-1.png","width":1000,"height":1000,"caption":"The Legal High"},"image":{"@id":"https:\/\/www.thelegalhigh.eu\/#\/schema\/logo\/image\/"}}]}},"jetpack_sharing_enabled":true,"amp_enabled":false,"_links":{"self":[{"href":"https:\/\/www.thelegalhigh.eu\/fr\/wp-json\/wp\/v2\/pages\/1250","targetHints":{"allow":["GET"]}}],"collection":[{"href":"https:\/\/www.thelegalhigh.eu\/fr\/wp-json\/wp\/v2\/pages"}],"about":[{"href":"https:\/\/www.thelegalhigh.eu\/fr\/wp-json\/wp\/v2\/types\/page"}],"author":[{"embeddable":true,"href":"https:\/\/www.thelegalhigh.eu\/fr\/wp-json\/wp\/v2\/users\/1"}],"replies":[{"embeddable":true,"href":"https:\/\/www.thelegalhigh.eu\/fr\/wp-json\/wp\/v2\/comments?post=1250"}],"version-history":[{"count":59,"href":"https:\/\/www.thelegalhigh.eu\/fr\/wp-json\/wp\/v2\/pages\/1250\/revisions"}],"predecessor-version":[{"id":1509,"href":"https:\/\/www.thelegalhigh.eu\/fr\/wp-json\/wp\/v2\/pages\/1250\/revisions\/1509"}],"wp:attachment":[{"href":"https:\/\/www.thelegalhigh.eu\/fr\/wp-json\/wp\/v2\/media?parent=1250"}],"curies":[{"name":"wp","href":"https:\/\/api.w.org\/{rel}","templated":true}]}}