{"id":173,"date":"2022-12-22T16:31:38","date_gmt":"2022-12-22T16:31:38","guid":{"rendered":"https:\/\/thelegalhigh.eu\/?page_id=173"},"modified":"2023-01-10T16:02:59","modified_gmt":"2023-01-10T16:02:59","slug":"terms","status":"publish","type":"page","link":"https:\/\/www.thelegalhigh.eu\/fr\/terms\/","title":{"rendered":"Terms &#038; Conditions"},"content":{"rendered":"<div data-elementor-type=\"wp-page\" data-elementor-id=\"173\" class=\"elementor elementor-173\" data-elementor-post-type=\"page\">\n\t\t\t\t\t\t\t\t\t<section class=\"elementor-section elementor-top-section elementor-element elementor-element-aa8271f elementor-section-boxed elementor-section-height-default elementor-section-height-default\" data-id=\"aa8271f\" data-element_type=\"section\">\n\t\t\t\t\t\t<div class=\"elementor-container elementor-column-gap-default\">\n\t\t\t\t\t<div class=\"elementor-column elementor-col-100 elementor-top-column elementor-element elementor-element-a59ea8d\" data-id=\"a59ea8d\" data-element_type=\"column\">\n\t\t\t<div class=\"elementor-widget-wrap elementor-element-populated\">\n\t\t\t\t\t\t\t\t<div class=\"elementor-element elementor-element-476af5c elementor-widget elementor-widget-heading\" data-id=\"476af5c\" data-element_type=\"widget\" data-widget_type=\"heading.default\">\n\t\t\t\t<div class=\"elementor-widget-container\">\n\t\t\t<h2 class=\"elementor-heading-title elementor-size-default\">Terms &Conditions<\/h2>\t\t<\/div>\n\t\t\t\t<\/div>\n\t\t\t\t<div class=\"elementor-element elementor-element-888ba30 elementor-widget elementor-widget-text-editor\" data-id=\"888ba30\" data-element_type=\"widget\" data-widget_type=\"text-editor.default\">\n\t\t\t\t<div class=\"elementor-widget-container\">\n\t\t\t\t\t\t\t<p><strong>Termes et conditions <\/strong><\/p><p><strong>Ces Site web Termes et Conditions Standard qui est \u00e9crit sur cette page web est de g\u00e9rer votre utilisation de notre site web, thelegalhigh.de l&#039;ue, accessible \u00e0 www.thelegalhigh.eu.<\/strong><\/p><p><strong>En visitant notre site et\/ou l&#039;achat de quelque chose de nous, de vous engager dans notre \u201cService\u201d et acceptez d&#039;\u00eatre li\u00e9 par les termes et conditions suivantes (\u201cConditions de Service\u201d, \u201cConditions\u201d), y compris ces termes et conditions suppl\u00e9mentaires et politiques mentionn\u00e9s dans les pr\u00e9sentes et\/ou disponibles par lien hypertexte. Ces Conditions d&#039;utilisation s&#039;appliquent \u00e0 tous les utilisateurs du site.<\/strong><\/p><p><strong>\u201cSoci\u00e9t\u00e9\u201d<\/strong>\u00a0(ci-apr\u00e8s d\u00e9nomm\u00e9 \u201cla Soci\u00e9t\u00e9\u201d, \u201cNous\u201d, \u201cNous\u201d ou \u201cNotre\u201d dans le pr\u00e9sent avis de non responsabilit\u00e9) se r\u00e9f\u00e8re \u00e0 La Haute morale.<\/p><p>\u201cConditions\u201d d\u00e9signe les pr\u00e9sentes conditions g\u00e9n\u00e9rales;<\/p><p>\u201cMarchandises\u201d s&#039;entend de toutes les marchandises que vous achetez en vertu de ces Conditions;<\/p><p>Les \u201dRenseignements personnels\u201d d\u00e9signe les renseignements fournis par vous \u00e0 nous;<\/p><p>\u201cServices\u201d d\u00e9signe les produits que vous commandez ou acheter dans ces Conditions;<\/p><p>\u201cSite\u201d d\u00e9signe l&#039;un des sites situ\u00e9s \u00e0 www.thelegalhigh.eu ou toute autre URL, ce qui peut le remplacer; et<\/p><p>\u201cVous\/Votre\u201d d\u00e9signent la personne de commander ou autrement en achetant des produits ou des Services.<\/p><p><strong>\u00a0<\/strong><\/p><p><strong>Veuillez lire ces conditions d&#039;utilisation attentivement avant d&#039;acc\u00e9der ou d&#039;utiliser notre site web. En acc\u00e9dant ou en utilisant tout ou partie du site, vous acceptez d&#039;\u00eatre li\u00e9 par les pr\u00e9sentes conditions de service. Si vous n&#039;acceptez pas tous les termes et conditions de cet accord, alors vous ne pouvez pas acc\u00e9der au site web ou utiliser les services. Si ces Conditions de Service sont consid\u00e9r\u00e9es comme une offre, l&#039;acceptation est express\u00e9ment limit\u00e9e \u00e0 ces Termes de Service.<\/strong><\/p><p><strong>Toutes les nouvelles fonctionnalit\u00e9s ou outils qui sont ajout\u00e9s \u00e0 l&#039;actuel site est \u00e9galement soumise \u00e0 des Conditions de Service. Vous pouvez consulter la derni\u00e8re version des Conditions g\u00e9n\u00e9rales de Service \u00e0 tout moment sur cette page. Nous nous r\u00e9servons le droit d&#039;actualiser, de modifier ou de remplacer une partie de ces Conditions de Service, en affichant les mises \u00e0 jour et\/ou modifications \u00e0 notre site internet. Il est de votre responsabilit\u00e9 de v\u00e9rifier cette page r\u00e9guli\u00e8rement pour des changements. La poursuite de votre utilisation ou acc\u00e8s au site web apr\u00e8s l&#039;affichage des modifications constitue une acceptation de ces changements.<\/strong><\/p><p><strong>Aucun Avis M\u00e9dical<\/strong>.<\/p><p>Le site n&#039;offre pas de conseils m\u00e9dicaux. Les informations sur le Site, y compris tous les textes, les graphiques et les photographies (collectivement, le \u201cContenu\u201d), ainsi que des donn\u00e9es provenant de nos conc\u00e9dants de licence et d&#039;autres utilisateurs du site, le sont \u00e0 titre indicatif. L&#039;information n&#039;est pas destin\u00e9 \u00e0 \u00eatre un remplacement pour les experts conseils m\u00e9dicaux, le diagnostic ou de soins. Pour le Health Insurance Portability and Accountability Act de 1996 (HIPAA), nous ne sommes pas une entit\u00e9 concern\u00e9e. Demandez toujours \u00e0 votre m\u00e9decin ou un autre professionnel de la sant\u00e9 qualifi\u00e9 pour obtenir de l&#039;aide si vous avez des pr\u00e9occupations au sujet d&#039;une condition m\u00e9dicale. Ne jamais rejeter ou \u00e0 remettre \u00e0 l&#039;obtention d&#039;un avis m\u00e9dical en raison de quelque chose que vous lisez sur un site web! Si vous croyez que vous pourriez \u00eatre confront\u00e9 \u00e0 une urgence m\u00e9dicale, appelez votre m\u00e9decin. Nous ne faisons aucune des recommandations ou des avenants pour des examens, les proc\u00e9dures, les m\u00e9dicaments, les m\u00e9decins, les fournisseurs, les biens, les services, les opinions, ou d&#039;autres donn\u00e9es qui pourraient \u00eatre mentionn\u00e9s sur le site web. Vous devez utiliser toutes les informations \u00e0 vos propres risques, si elle vient de nous, de notre personnel, de la publicit\u00e9, des tiers, nous vous invitons \u00e0 appara\u00eetre sur le site, ou les autres visiteurs du site. Le site peut avoir du contenu sexuel explicite relatives \u00e0 la sant\u00e9 ou de la m\u00e9decine. Vous ne pouvez utiliser le site si vous trouvez ces \u00e9l\u00e9ments offensifs.<\/p><p><strong>Modifications du Service et des Prix<\/strong><\/p><p><strong>Les prix de nos produits sont sujets \u00e0 changement sans pr\u00e9avis.<\/strong><\/p><p><strong>Nous nous r\u00e9servons le droit, \u00e0 tout moment, de modifier ou d&#039;interrompre le Service (ou toute partie ou contenu) \u00e0 tout moment sans pr\u00e9avis.<\/strong><\/p><p><strong>Nous ne serons pas responsables envers vous ou tout tiers pour toute modification, changement de prix, suspension ou interruption du service.<\/strong><\/p><p><strong>Des produits ou des Services (le cas \u00e9ch\u00e9ant)<\/strong><\/p><p><strong>Certains produits ou services peuvent \u00eatre offerts exclusivement en ligne sur le site. Ces produits ou services sont offerts en quantit\u00e9s limit\u00e9es et sont soumis \u00e0 retourner ou \u00e9changer selon notre Politique de Retour.<\/strong><\/p><p><strong>Nous nous r\u00e9servons le droit mais non l&#039;obligation, pour limiter la vente de nos produits ou de nos services \u00e0 toute personne, r\u00e9gion g\u00e9ographique ou juridiction. On peut exercer ce droit au cas par cas. Nous nous r\u00e9servons le droit de limiter les quantit\u00e9s de produits ou services que nous offrons. Toutes les descriptions des produits ou les prix des produits sont sujettes \u00e0 modification \u00e0 tout moment et sans pr\u00e9avis, \u00e0 la seule discr\u00e9tion de nous. <\/strong><\/p><p><strong>Nous nous r\u00e9servons le droit de supprimer tout produit \u00e0 tout moment. Toute offre de produit ou service sur ce site est nul l\u00e0 o\u00f9 interdit.<\/strong><\/p><p><strong>Nous ne garantissons pas que la qualit\u00e9 des produits, services, informations ou tout autre mat\u00e9riel achet\u00e9s ou obtenus par vous de r\u00e9pondre \u00e0 vos attentes, ou que les erreurs dans le service seront corrig\u00e9s.<\/strong><\/p><p><strong>Restriction d&#039;\u00e2ge et de V\u00e9rification<\/strong><\/p><p>Les mineurs ou les personnes de moins de 21 ans ne sont pas autoris\u00e9s \u00e0 utiliser ce Site.<\/p><p><strong>VOUS DEVEZ AVOIR PLUS DE 21 ANS POUR L&#039;ACHAT DE PRODUITS \u00c0 PARTIR DE NOTRE SITE. NOUS NOUS R\u00c9SERVONS LE DROIT DE DEMANDER UNE PREUVE D&#039;\u00c2GE AVANT DE NOUS HONORER VOTRE COMMANDE.<\/strong><\/p><p><strong>Responsabilit\u00e9 Du Contenu:<\/strong><\/p><p><strong>Nous ne pouvons \u00eatre tenu responsable pour tout contenu qui appara\u00eet sur votre site web. Vous vous engagez \u00e0 prot\u00e9ger et nous d\u00e9fendre contre toutes les r\u00e9clamations qui sont \u00e9lev\u00e9s sur votre site web. Aucun lien(s) doit appara\u00eetre sur n&#039;importe quel site web qui peut \u00eatre interpr\u00e9t\u00e9 comme diffamatoire, obsc\u00e8ne ou p\u00e9nale, ou qui viole, viole, ou les d\u00e9fenseurs de l&#039;infraction ou de violation d&#039;autres droits d&#039;un tiers.<\/strong><\/p><p><strong>Suppression de liens \u00e0 partir de notre site web:<\/strong><\/p><p><strong>Si vous trouvez un lien sur notre site qui est offensant pour une raison quelconque, vous \u00eates libre de contacter et de nous en informer \u00e0 tout moment. Nous examinerons les demandes de suppression de liens, mais nous ne sommes pas oblig\u00e9s de ou de ou de vous r\u00e9pondre directement.<\/strong><\/p><p><strong>Nous ne garantissons pas que les informations sur ce site web est correct. Nous ne garantissons pas l&#039;exhaustivit\u00e9 ni l&#039;exactitude, ni ne nous nous engageons \u00e0 assurer que le site reste disponible ou que le mat\u00e9riel sur le site est r\u00e9guli\u00e8rement mis \u00e0 jour.<\/strong><\/p><p><strong>Licence:<\/strong><\/p><p><strong>Sauf indication contraire, thelegalhigh.de l&#039;ue et\/ou de ses conc\u00e9dants de licence d\u00e9tiennent les droits de propri\u00e9t\u00e9 intellectuelle de tout le mat\u00e9riel sur thelegalhigh.de l&#039;ue. Tous les droits de propri\u00e9t\u00e9 intellectuelle sont r\u00e9serv\u00e9s. Vous pouvez y acc\u00e9der \u00e0 partir thelegalhigh.de l&#039;ue pour votre usage personnel, sous r\u00e9serve des restrictions \u00e9nonc\u00e9es dans ces termes et conditions.<\/strong><\/p><p><strong>Vous ne devez pas<\/strong><\/p><ul><li><strong>Copier ou publier le contenu de thelegalhigh.l&#039;ue<\/strong><\/li><li><strong>Vendre, louer, ou accorder une sous-licence de thelegalhigh.l&#039;ue<\/strong><\/li><li><strong>Reproduire, dupliquer ou copier le contenu thelegalhigh.l&#039;ue<\/strong><\/li><li><strong>Redistribuer le contenu de thelegalhigh.l&#039;ue<\/strong><\/li><\/ul><p><strong>Ce Contrat commence \u00e0 la date des pr\u00e9sentes.<\/strong><\/p><p><strong>Des parties de ce site web offre aux utilisateurs la possibilit\u00e9 de publier et d&#039;\u00e9changer des opinions et de l&#039;information dans certaines zones du site web. Thelegalhigh.l&#039;ue ne permet pas de filtrer, de modifier, de publier ou de l&#039;examen des Commentaires avant de leur pr\u00e9sence sur le site. Les commentaires ne refl\u00e8tent pas les vues et les opinions de thelegalhigh.l&#039;ue, ses agents et\/ou ses filiales. Commentaires refl\u00e8tent les vues et les opinions de la personne qui poste leurs points de vue et opinions. Dans la mesure permise par les lois applicables, thelegalhigh.l&#039;ue n&#039;est pas responsable des Commentaires ou toute responsabilit\u00e9, dommages ou frais caus\u00e9s et\/ou subis \u00e0 la suite de toute utilisation et\/ou de l&#039;affichage et\/ou l&#039;apparence des Commentaires sur ce site.<\/strong><\/p><p><strong>Thelegalhigh.l&#039;ue se r\u00e9serve le droit de surveiller tous les Commentaires et de supprimer tout commentaire qui peut \u00eatre consid\u00e9r\u00e9 comme inappropri\u00e9, offensant, ou les causes de la violation de ces Termes et Conditions.<\/strong><\/p><p><strong>Vous garantissez et d\u00e9clarez que:<\/strong><\/p><ul><li><strong>Vous avez le droit de poster des Commentaires sur notre site web et de disposer de toutes les licences et autorisations n\u00e9cessaires pour ce faire;<\/strong><\/li><li><strong>Les Commentaires n&#039;ont pas envahir tout droit de propri\u00e9t\u00e9 intellectuelle, y compris, sans limitation, les droits d&#039;auteur, de brevet, de marque ou de toute tierce partie;<\/strong><\/li><li><strong>Les Commentaires ne contiennent aucun caract\u00e8re diffamatoire, injurieux, offensant, ind\u00e9cent ou autrement ill\u00e9gal, qui est une invasion de la vie priv\u00e9e.<\/strong><\/li><li><strong>Les Commentaires ne seront pas utilis\u00e9s pour solliciter ou promouvoir des affaires ou de la coutume ou de pr\u00e9senter des activit\u00e9s commerciales ou d&#039;activit\u00e9 illicite.<\/strong><\/li><\/ul><p><strong>Vous accordez par les pr\u00e9sentes \u00e0 thelegalhigh.de l&#039;ue, une licence non exclusive d&#039;utiliser, de reproduire, de modifier et d&#039;autoriser des tiers \u00e0 utiliser, de reproduire et de modifier l&#039;un de vos Commentaires dans toutes les formes, formats, ou des m\u00e9dias.<\/strong><\/p><p><strong>Nos Droits De Propri\u00e9t\u00e9 Intellectuelle<\/strong><\/p><p>Toutes les informations sur ce site, y compris les marques de commerce, marques de service et logos (collectivement, les \u201cMarques\u201d), sont notre propri\u00e9t\u00e9 ou est utilis\u00e9 avec notre autorisation. En cons\u00e9quence, tout cela est prot\u00e9g\u00e9 par le droit d&#039;auteur et autres lois de propri\u00e9t\u00e9 intellectuelle en vertu de la loi n\u00e9erlandaise, ainsi que les lois d&#039;autres pays et des accords internationaux. Nous nous r\u00e9servons tous les de la sur-de site et de contenu li\u00e9s \u00e0 des droits qui ne sont pas express\u00e9ment accord\u00e9s. Les caract\u00e9ristiques concernant la s\u00e9curit\u00e9 de ce site, ainsi que ceux qui: (a) d&#039;emp\u00eacher ou de restreindre l&#039;utilisation ou la copie de tout contenu, ou\u00a0<\/p><p>(b) appliquer des restrictions sur l&#039;utilisation de ce site ou du contenu figurant sur ce site, qui ne doivent pas \u00eatre contourn\u00e9es, les handicap\u00e9s, ou alt\u00e9r\u00e9es.<\/p><p>De plus, sauf express\u00e9ment autoris\u00e9 par nous dans un accord \u00e9crit, vous vous engagez \u00e0 ne pas acc\u00e9der \u00e0 notre site en utilisant une autre m\u00e9thode que l&#039;interface que nous fournissons. Votre autorisation d&#039;utiliser le contenu prend fin automatiquement si vous violez l&#039;une de ces r\u00e8gles, et toute copie que vous avez faite du contenu ou toute partie de celui\u2014ci-doit \u00eatre d\u00e9truit imm\u00e9diatement.<\/p><p><strong>\u00a0<\/strong><\/p><p><strong>Contactez-Nous<\/strong><\/p><p><strong>Des Questions sur les Conditions de Service doivent nous \u00eatre envoy\u00e9s au info@thelegalhigh.com<\/strong><\/p><p>\u00a0<\/p><p>Derni\u00e8re Mise \u00c0 Jour: 18 Ao\u00fbt 2022<\/p>\t\t\t\t\t\t<\/div>\n\t\t\t\t<\/div>\n\t\t\t\t\t<\/div>\n\t\t<\/div>\n\t\t\t\t\t\t\t<\/div>\n\t\t<\/section>\n\t\t\t\t\t\t\t<\/div>","protected":false},"excerpt":{"rendered":"<p>Terms &#038;Conditions Terms and conditions These Website Standard Terms and Conditions written on this webpage shall manage your use of our website, thelegalhigh.eu, accessible at www.thelegalhigh.eu. By visiting our site and\/or purchasing something from us, you engage in our \u201cService\u201d and agree to be bound by the following terms and conditions (\u201cTerms of Service,&#8221; \u201cTerms\u201d), [&hellip;]<\/p>","protected":false},"author":2,"featured_media":0,"parent":0,"menu_order":0,"comment_status":"closed","ping_status":"closed","template":"elementor_header_footer","meta":{"_joinchat":[],"footnotes":""},"class_list":["post-173","page","type-page","status-publish","hentry"],"yoast_head":"<!-- This site is optimized with the Yoast SEO plugin v21.5 - https:\/\/yoast.com\/wordpress\/plugins\/seo\/ -->\n<title>Terms &amp; Conditions | The Legal High<\/title>\n<meta name=\"robots\" content=\"index, follow, max-snippet:-1, max-image-preview:large, max-video-preview:-1\" \/>\n<link rel=\"canonical\" href=\"https:\/\/www.thelegalhigh.eu\/fr\/terms\/\" \/>\n<meta property=\"og:locale\" content=\"fr_FR\" \/>\n<meta property=\"og:type\" content=\"article\" \/>\n<meta property=\"og:title\" content=\"Terms &amp; Conditions | The Legal High\" \/>\n<meta property=\"og:description\" content=\"Terms &#038;Conditions Terms and conditions These Website Standard Terms and Conditions written on this webpage shall manage your use of our website, thelegalhigh.eu, accessible at www.thelegalhigh.eu. By visiting our site and\/or purchasing something from us, you engage in our \u201cService\u201d and agree to be bound by the following terms and conditions (\u201cTerms of Service,&#8221; \u201cTerms\u201d), [&hellip;]\" \/>\n<meta property=\"og:url\" content=\"https:\/\/www.thelegalhigh.eu\/fr\/terms\/\" \/>\n<meta property=\"og:site_name\" content=\"The Legal High\" \/>\n<meta property=\"article:modified_time\" content=\"2023-01-10T16:02:59+00:00\" \/>\n<meta property=\"og:image\" content=\"https:\/\/www.thelegalhigh.eu\/wp-content\/uploads\/2023\/03\/image_2023-03-27_212017119.png\" \/>\n\t<meta property=\"og:image:width\" content=\"1316\" \/>\n\t<meta property=\"og:image:height\" content=\"580\" \/>\n\t<meta property=\"og:image:type\" content=\"image\/png\" \/>\n<meta name=\"twitter:card\" content=\"summary_large_image\" \/>\n<meta name=\"twitter:label1\" content=\"Dur\u00e9e de lecture estim\u00e9e\" \/>\n\t<meta name=\"twitter:data1\" content=\"8 minutes\" \/>\n<!-- \/ Yoast SEO plugin. -->","yoast_head_json":{"title":"Terms & Conditions | The Legal High","robots":{"index":"index","follow":"follow","max-snippet":"max-snippet:-1","max-image-preview":"max-image-preview:large","max-video-preview":"max-video-preview:-1"},"canonical":"https:\/\/www.thelegalhigh.eu\/fr\/terms\/","og_locale":"fr_FR","og_type":"article","og_title":"Terms & Conditions | The Legal High","og_description":"Terms &#038;Conditions Terms and conditions These Website Standard Terms and Conditions written on this webpage shall manage your use of our website, thelegalhigh.eu, accessible at www.thelegalhigh.eu. By visiting our site and\/or purchasing something from us, you engage in our \u201cService\u201d and agree to be bound by the following terms and conditions (\u201cTerms of Service,&#8221; \u201cTerms\u201d), [&hellip;]","og_url":"https:\/\/www.thelegalhigh.eu\/fr\/terms\/","og_site_name":"The Legal High","article_modified_time":"2023-01-10T16:02:59+00:00","og_image":[{"width":1316,"height":580,"url":"https:\/\/www.thelegalhigh.eu\/wp-content\/uploads\/2023\/03\/image_2023-03-27_212017119.png","type":"image\/png"}],"twitter_card":"summary_large_image","twitter_misc":{"Dur\u00e9e de lecture estim\u00e9e":"8 minutes"},"schema":{"@context":"https:\/\/schema.org","@graph":[{"@type":"WebPage","@id":"https:\/\/www.thelegalhigh.eu\/terms\/","url":"https:\/\/www.thelegalhigh.eu\/terms\/","name":"Terms & Conditions | The Legal High","isPartOf":{"@id":"https:\/\/www.thelegalhigh.eu\/#website"},"datePublished":"2022-12-22T16:31:38+00:00","dateModified":"2023-01-10T16:02:59+00:00","breadcrumb":{"@id":"https:\/\/www.thelegalhigh.eu\/terms\/#breadcrumb"},"inLanguage":"fr-FR","potentialAction":[{"@type":"ReadAction","target":["https:\/\/www.thelegalhigh.eu\/terms\/"]}]},{"@type":"BreadcrumbList","@id":"https:\/\/www.thelegalhigh.eu\/terms\/#breadcrumb","itemListElement":[{"@type":"ListItem","position":1,"name":"Home","item":"https:\/\/www.thelegalhigh.eu\/"},{"@type":"ListItem","position":2,"name":"Terms &#038; Conditions"}]},{"@type":"WebSite","@id":"https:\/\/www.thelegalhigh.eu\/#website","url":"https:\/\/www.thelegalhigh.eu\/","name":"The Legal High","description":"A next generation online coffeeshop brought to you from Amsterdam.","publisher":{"@id":"https:\/\/www.thelegalhigh.eu\/#organization"},"potentialAction":[{"@type":"SearchAction","target":{"@type":"EntryPoint","urlTemplate":"https:\/\/www.thelegalhigh.eu\/?s={search_term_string}"},"query-input":"required name=search_term_string"}],"inLanguage":"fr-FR"},{"@type":"Organization","@id":"https:\/\/www.thelegalhigh.eu\/#organization","name":"The Legal High","url":"https:\/\/www.thelegalhigh.eu\/","logo":{"@type":"ImageObject","inLanguage":"fr-FR","@id":"https:\/\/www.thelegalhigh.eu\/#\/schema\/logo\/image\/","url":"https:\/\/www.thelegalhigh.eu\/wp-content\/uploads\/2023\/01\/cropped-image-1.png","contentUrl":"https:\/\/www.thelegalhigh.eu\/wp-content\/uploads\/2023\/01\/cropped-image-1.png","width":1000,"height":1000,"caption":"The Legal High"},"image":{"@id":"https:\/\/www.thelegalhigh.eu\/#\/schema\/logo\/image\/"}}]}},"jetpack_sharing_enabled":true,"amp_enabled":false,"_links":{"self":[{"href":"https:\/\/www.thelegalhigh.eu\/fr\/wp-json\/wp\/v2\/pages\/173","targetHints":{"allow":["GET"]}}],"collection":[{"href":"https:\/\/www.thelegalhigh.eu\/fr\/wp-json\/wp\/v2\/pages"}],"about":[{"href":"https:\/\/www.thelegalhigh.eu\/fr\/wp-json\/wp\/v2\/types\/page"}],"author":[{"embeddable":true,"href":"https:\/\/www.thelegalhigh.eu\/fr\/wp-json\/wp\/v2\/users\/2"}],"replies":[{"embeddable":true,"href":"https:\/\/www.thelegalhigh.eu\/fr\/wp-json\/wp\/v2\/comments?post=173"}],"version-history":[{"count":4,"href":"https:\/\/www.thelegalhigh.eu\/fr\/wp-json\/wp\/v2\/pages\/173\/revisions"}],"predecessor-version":[{"id":519,"href":"https:\/\/www.thelegalhigh.eu\/fr\/wp-json\/wp\/v2\/pages\/173\/revisions\/519"}],"wp:attachment":[{"href":"https:\/\/www.thelegalhigh.eu\/fr\/wp-json\/wp\/v2\/media?parent=173"}],"curies":[{"name":"wp","href":"https:\/\/api.w.org\/{rel}","templated":true}]}}