{"id":1221,"date":"2023-03-07T08:46:49","date_gmt":"2023-03-07T08:46:49","guid":{"rendered":"https:\/\/thelegalhigh.eu\/?post_type=product&#038;p=1221"},"modified":"2023-03-19T19:26:54","modified_gmt":"2023-03-19T19:26:54","slug":"super-silver-haze-per-gram","status":"publish","type":"product","link":"https:\/\/www.thelegalhigh.eu\/fr\/produit\/super-silver-haze-per-gram\/","title":{"rendered":"Super Silver Haze &#8211; Per Gram"},"content":{"rendered":"<p>Introducing the new HHC infused Super Silver Haze flower, the perfect blend of natural and enhanced smoking experience. Our flower is carefully hand-picked and infused with high-quality HHC extract, providing a potent and satisfying smoke combined with a traditional taste.<\/p>\n<p>This HHC-P Indoor Grown flower has an iconic taste associated with the powerfull weed strain with less then &gt;0.2% THC and 40% HHC making it legal in most regions without taking away any of the desired effects.<\/p>\n<p>Notre fleur est disponible dans une vari\u00e9t\u00e9 de souches diff\u00e9rentes, chacune avec son propre ar\u00f4me, le go\u00fbt et les effets. Si vous pr\u00e9f\u00e9rez une d\u00e9tente Indica ou un lifting, Sativa, nous avons quelque chose pour tout le monde. Avec HHC infusion, vous pouvez vous attendre \u00e0 une plus forte et plus intense exp\u00e9rience de fleurs traditionnels.<\/p>\n<p>Notre HHC infus\u00e9 \u00e0 la fleur est test\u00e9e en laboratoire pour s&#039;assurer de la puret\u00e9 et de la puissance, de sorte que vous pouvez faire confiance que vous obtenez un produit de qualit\u00e9. Il est \u00e9galement emball\u00e9 dans un refermable et l&#039;odeur de la preuve sac \u00e0 pr\u00e9server la fra\u00eecheur et l&#039;ar\u00f4me de la fleur.<\/p>\n<p>Notre HHC infus\u00e9 \u00e0 la fleur est parfait pour les fumeurs qui sont \u00e0 la recherche d&#039;une plus forte et d&#039;une exp\u00e9rience am\u00e9lior\u00e9e. Il peut \u00eatre utilis\u00e9 dans une vari\u00e9t\u00e9 de fa\u00e7ons, si vous pr\u00e9f\u00e9rez rouler dans une commune, l&#039;utiliser dans un tuyau ou un vaporisateur.<\/p>\n<p>L&#039;exp\u00e9rience des effets naturels de la fleur avec un coup de pied de HHC perfusion. Essayez HHC infus\u00e9 \u00e0 la fleur d&#039;aujourd&#039;hui et am\u00e9liorer votre exp\u00e9rience de fumer.<\/p>\n<p>*****Available starting April Pre-order Now!*****<\/p>","protected":false},"excerpt":{"rendered":"<p>Introducing the Super Silver Haze HHC infused flower, hand-picked and infused with HHC extract for a potent and satisfying smoke. Available in various strains, lab-tested, and packaged for freshness. Perfect for experienced smokers looking for an enhanced experience. Elevate your smoking experience with HHC infused flower.<\/p>","protected":false},"featured_media":1240,"comment_status":"open","ping_status":"closed","template":"","meta":{"_joinchat":[]},"product_cat":[31],"product_tag":[33,32],"class_list":["post-1221","product","type-product","status-publish","has-post-thumbnail","hentry","product_cat-hhc-flower","product_tag-flower","product_tag-hhc"],"yoast_head":"<!-- This site is optimized with the Yoast SEO plugin v21.5 - https:\/\/yoast.com\/wordpress\/plugins\/seo\/ -->\n<title>Super Silver Haze - Per Gram | The Legal High<\/title>\n<meta name=\"robots\" content=\"index, follow, max-snippet:-1, max-image-preview:large, max-video-preview:-1\" \/>\n<link rel=\"canonical\" href=\"https:\/\/www.thelegalhigh.eu\/fr\/produit\/super-silver-haze-per-gram\/\" \/>\n<meta property=\"og:locale\" content=\"fr_FR\" \/>\n<meta property=\"og:type\" content=\"article\" \/>\n<meta property=\"og:title\" content=\"Super Silver Haze - Per Gram | The Legal High\" \/>\n<meta property=\"og:description\" content=\"Introducing the Super Silver Haze HHC infused flower, hand-picked and infused with HHC extract for a potent and satisfying smoke. Available in various strains, lab-tested, and packaged for freshness. Perfect for experienced smokers looking for an enhanced experience. Elevate your smoking experience with HHC infused flower.\" \/>\n<meta property=\"og:url\" content=\"https:\/\/www.thelegalhigh.eu\/fr\/produit\/super-silver-haze-per-gram\/\" \/>\n<meta property=\"og:site_name\" content=\"The Legal High\" \/>\n<meta property=\"article:modified_time\" content=\"2023-03-19T19:26:54+00:00\" \/>\n<meta property=\"og:image\" content=\"https:\/\/www.thelegalhigh.eu\/wp-content\/uploads\/2023\/03\/Strawberry-Haze-1024x1024.png\" \/>\n\t<meta property=\"og:image:width\" content=\"1024\" \/>\n\t<meta property=\"og:image:height\" content=\"1024\" \/>\n\t<meta property=\"og:image:type\" content=\"image\/png\" \/>\n<meta name=\"twitter:card\" content=\"summary_large_image\" \/>\n<meta name=\"twitter:label1\" content=\"Dur\u00e9e de lecture estim\u00e9e\" \/>\n\t<meta name=\"twitter:data1\" content=\"1 minute\" \/>\n<!-- \/ Yoast SEO plugin. -->","yoast_head_json":{"title":"Super Silver Haze - Per Gram | The Legal High","robots":{"index":"index","follow":"follow","max-snippet":"max-snippet:-1","max-image-preview":"max-image-preview:large","max-video-preview":"max-video-preview:-1"},"canonical":"https:\/\/www.thelegalhigh.eu\/fr\/produit\/super-silver-haze-per-gram\/","og_locale":"fr_FR","og_type":"article","og_title":"Super Silver Haze - Per Gram | The Legal High","og_description":"Introducing the Super Silver Haze HHC infused flower, hand-picked and infused with HHC extract for a potent and satisfying smoke. Available in various strains, lab-tested, and packaged for freshness. Perfect for experienced smokers looking for an enhanced experience. Elevate your smoking experience with HHC infused flower.","og_url":"https:\/\/www.thelegalhigh.eu\/fr\/produit\/super-silver-haze-per-gram\/","og_site_name":"The Legal High","article_modified_time":"2023-03-19T19:26:54+00:00","og_image":[{"width":1024,"height":1024,"url":"https:\/\/www.thelegalhigh.eu\/wp-content\/uploads\/2023\/03\/Strawberry-Haze-1024x1024.png","type":"image\/png"}],"twitter_card":"summary_large_image","twitter_misc":{"Dur\u00e9e de lecture estim\u00e9e":"1 minute"},"schema":{"@context":"https:\/\/schema.org","@graph":[{"@type":"WebPage","@id":"https:\/\/www.thelegalhigh.eu\/product\/super-silver-haze-per-gram\/","url":"https:\/\/www.thelegalhigh.eu\/product\/super-silver-haze-per-gram\/","name":"Super Silver Haze - Per Gram | The Legal High","isPartOf":{"@id":"https:\/\/www.thelegalhigh.eu\/#website"},"datePublished":"2023-03-07T08:46:49+00:00","dateModified":"2023-03-19T19:26:54+00:00","breadcrumb":{"@id":"https:\/\/www.thelegalhigh.eu\/product\/super-silver-haze-per-gram\/#breadcrumb"},"inLanguage":"fr-FR","potentialAction":[{"@type":"ReadAction","target":["https:\/\/www.thelegalhigh.eu\/product\/super-silver-haze-per-gram\/"]}]},{"@type":"BreadcrumbList","@id":"https:\/\/www.thelegalhigh.eu\/product\/super-silver-haze-per-gram\/#breadcrumb","itemListElement":[{"@type":"ListItem","position":1,"name":"Home","item":"https:\/\/www.thelegalhigh.eu\/"},{"@type":"ListItem","position":2,"name":"Shop","item":"https:\/\/www.thelegalhigh.eu\/shop\/"},{"@type":"ListItem","position":3,"name":"Super Silver Haze &#8211; Per Gram"}]},{"@type":"WebSite","@id":"https:\/\/www.thelegalhigh.eu\/#website","url":"https:\/\/www.thelegalhigh.eu\/","name":"The Legal High","description":"A next generation online coffeeshop brought to you from Amsterdam.","publisher":{"@id":"https:\/\/www.thelegalhigh.eu\/#organization"},"potentialAction":[{"@type":"SearchAction","target":{"@type":"EntryPoint","urlTemplate":"https:\/\/www.thelegalhigh.eu\/?s={search_term_string}"},"query-input":"required name=search_term_string"}],"inLanguage":"fr-FR"},{"@type":"Organization","@id":"https:\/\/www.thelegalhigh.eu\/#organization","name":"The Legal High","url":"https:\/\/www.thelegalhigh.eu\/","logo":{"@type":"ImageObject","inLanguage":"fr-FR","@id":"https:\/\/www.thelegalhigh.eu\/#\/schema\/logo\/image\/","url":"https:\/\/www.thelegalhigh.eu\/wp-content\/uploads\/2023\/01\/cropped-image-1.png","contentUrl":"https:\/\/www.thelegalhigh.eu\/wp-content\/uploads\/2023\/01\/cropped-image-1.png","width":1000,"height":1000,"caption":"The Legal High"},"image":{"@id":"https:\/\/www.thelegalhigh.eu\/#\/schema\/logo\/image\/"}}]}},"jetpack_sharing_enabled":true,"tiered_pricing_type":"fixed","tiered_pricing_fixed_rules":{"100":"4.4","500":"3.9","1000":"3.4","5000":"2.7"},"_links":{"self":[{"href":"https:\/\/www.thelegalhigh.eu\/fr\/wp-json\/wp\/v2\/product\/1221","targetHints":{"allow":["GET"]}}],"collection":[{"href":"https:\/\/www.thelegalhigh.eu\/fr\/wp-json\/wp\/v2\/product"}],"about":[{"href":"https:\/\/www.thelegalhigh.eu\/fr\/wp-json\/wp\/v2\/types\/product"}],"replies":[{"embeddable":true,"href":"https:\/\/www.thelegalhigh.eu\/fr\/wp-json\/wp\/v2\/comments?post=1221"}],"wp:featuredmedia":[{"embeddable":true,"href":"https:\/\/www.thelegalhigh.eu\/fr\/wp-json\/wp\/v2\/media\/1240"}],"wp:attachment":[{"href":"https:\/\/www.thelegalhigh.eu\/fr\/wp-json\/wp\/v2\/media?parent=1221"}],"wp:term":[{"taxonomy":"product_cat","embeddable":true,"href":"https:\/\/www.thelegalhigh.eu\/fr\/wp-json\/wp\/v2\/product_cat?post=1221"},{"taxonomy":"product_tag","embeddable":true,"href":"https:\/\/www.thelegalhigh.eu\/fr\/wp-json\/wp\/v2\/product_tag?post=1221"}],"curies":[{"name":"wp","href":"https:\/\/api.w.org\/{rel}","templated":true}]}}