{"id":640,"date":"2023-01-21T22:08:29","date_gmt":"2023-01-21T22:08:29","guid":{"rendered":"https:\/\/thelegalhigh.eu\/?post_type=product&#038;p=640"},"modified":"2023-03-19T19:38:02","modified_gmt":"2023-03-19T19:38:02","slug":"3-pack-gamecase-stoney-v-vapes-44","status":"publish","type":"product","link":"https:\/\/www.thelegalhigh.eu\/fr\/produit\/3-pack-gamecase-stoney-v-vapes-44\/","title":{"rendered":"3 Pack &#8211; Gamecase Stoney V Vapes 44%"},"content":{"rendered":"<div class=\"flex-1 overflow-hidden\">\n<div class=\"react-scroll-to-bottom--css-coyha-79elbk h-full dark:bg-gray-800\">\n<div class=\"react-scroll-to-bottom--css-coyha-1n7m0yu\">\n<div class=\"flex flex-col items-center text-sm h-full dark:bg-gray-800\">\n<div class=\"w-full border-b border-black\/10 dark:border-gray-900\/50 text-gray-800 dark:text-gray-100 group bg-gray-50 dark:bg-[#444654]\">\n<div class=\"text-base gap-4 md:gap-6 m-auto md:max-w-2xl lg:max-w-2xl xl:max-w-3xl p-4 md:py-6 flex lg:px-0\">\n<div class=\"relative flex w-[calc(100%-50px)] md:flex-col lg:w-[calc(100%-115px)]\">\n<div class=\"flex flex-grow flex-col gap-3\">\n<div class=\"min-h-[20px] flex flex-col items-start gap-4 whitespace-pre-wrap\">\n<div class=\"markdown prose w-full break-words dark:prose-invert light\">\n<p><strong>***SIX UNIQUE GAMECASES AVAILABLE TO COLLECT, COLLECT THEM ALL FOR A REWARD!***<\/strong><\/p>\n<p>Introducing the new Stoney V HHC disposable vape bundle, now in a special, videogame-inspired packaging. Inside, you&#8217;ll find five of our convenient and portable disposable vapes, pre-filled with high-quality e-liquid, delivering rich flavor and smooth vapor with every puff. Each vape has a strong psychoactive effect, perfect for on-the-go vaping, our vapes requires no charging or refilling, and can be used right out of the box. With a sleek and compact design, the Stoney V HHC disposable vape bundle is the perfect companion for vaping enthusiasts of all levels.<\/p>\n<p>Our disposable vapes offer a variety of delicious flavors to choose from, whether you prefer traditional tobacco or menthol, or something more exotic like fruit or dessert. And with a strong psychoactive effect, it&#8217;ll give you an extra kick and enhance your vaping experience.<\/p>\n<p>The Stoney V HHC disposable vapes are easy to use, simply remove them from the packaging, remove the plastic cover from the mouthpiece, and inhale from the mouthpiece. The vapes will activate automatically and produce vapor. And with a lifespan of around 300 puffs per vape, it&#8217;s perfect for occasional use or when you&#8217;re on the go.<\/p>\n<p>Nous sommes fiers de la qualit\u00e9 de nos produits, et nos jetables vapes sont pas une exception. Ils sont con\u00e7us et fabriqu\u00e9s selon les normes les plus \u00e9lev\u00e9es, en s&#039;assurant que vous obtenez le meilleur vapotage de l&#039;exp\u00e9rience. Et avec une limite de garantie sur tous nos produits, vous pouvez \u00eatre assur\u00e9 que vous achetez un produit de qualit\u00e9 qui vous pouvez faire confiance.<\/p>\n<p>Experience the convenience and flavor of vaping like never before with the new Stoney V HHC disposable vape bundle. Try it today and experience the strong psychoactive effect that will enhance your vaping experience.<\/p>\n<\/div>\n<\/div>\n<\/div>\n<\/div>\n<\/div>\n<\/div>\n<\/div>\n<\/div>\n<\/div>\n<\/div>","protected":false},"excerpt":{"rendered":"<p>Introducing the new Stoney V HHC disposable vape bundle in a special videogame-inspired packaging, containing 3 vapes pre-filled with high-quality e-liquid and a strong psychoactive effect. No charging or refilling needed, available in delicious flavors, easy to use and perfect for experienced vapers. Elevate your vaping experience with the new Stoney V HHC disposable vape bundle.<\/p>","protected":false},"featured_media":1117,"comment_status":"open","ping_status":"closed","template":"","meta":{"_joinchat":[]},"product_cat":[24],"product_tag":[26,27,28,25],"class_list":["post-640","product","type-product","status-publish","has-post-thumbnail","hentry","product_cat-disposable-vapes","product_tag-disposable-vape","product_tag-hhc-vape","product_tag-stoney-v","product_tag-vapes"],"yoast_head":"<!-- This site is optimized with the Yoast SEO plugin v21.5 - https:\/\/yoast.com\/wordpress\/plugins\/seo\/ -->\n<title>3 Pack - Gamecase Stoney V Vapes 44% | The Legal High<\/title>\n<meta name=\"robots\" content=\"index, follow, max-snippet:-1, max-image-preview:large, max-video-preview:-1\" \/>\n<link rel=\"canonical\" href=\"https:\/\/www.thelegalhigh.eu\/fr\/produit\/3-pack-gamecase-stoney-v-vapes-44\/\" \/>\n<meta property=\"og:locale\" content=\"fr_FR\" \/>\n<meta property=\"og:type\" content=\"article\" \/>\n<meta property=\"og:title\" content=\"3 Pack - Gamecase Stoney V Vapes 44% | The Legal High\" \/>\n<meta property=\"og:description\" content=\"Introducing the new Stoney V HHC disposable vape bundle in a special videogame-inspired packaging, containing 3 vapes pre-filled with high-quality e-liquid and a strong psychoactive effect. No charging or refilling needed, available in delicious flavors, easy to use and perfect for experienced vapers. Elevate your vaping experience with the new Stoney V HHC disposable vape bundle.\" \/>\n<meta property=\"og:url\" content=\"https:\/\/www.thelegalhigh.eu\/fr\/produit\/3-pack-gamecase-stoney-v-vapes-44\/\" \/>\n<meta property=\"og:site_name\" content=\"The Legal High\" \/>\n<meta property=\"article:modified_time\" content=\"2023-03-19T19:38:02+00:00\" \/>\n<meta property=\"og:image\" content=\"https:\/\/www.thelegalhigh.eu\/wp-content\/uploads\/2023\/02\/Artboard-12.png\" \/>\n\t<meta property=\"og:image:width\" content=\"512\" \/>\n\t<meta property=\"og:image:height\" content=\"512\" \/>\n\t<meta property=\"og:image:type\" content=\"image\/png\" \/>\n<meta name=\"twitter:card\" content=\"summary_large_image\" \/>\n<meta name=\"twitter:label1\" content=\"Dur\u00e9e de lecture estim\u00e9e\" \/>\n\t<meta name=\"twitter:data1\" content=\"1 minute\" \/>\n<!-- \/ Yoast SEO plugin. -->","yoast_head_json":{"title":"3 Pack - Gamecase Stoney V Vapes 44% | The Legal High","robots":{"index":"index","follow":"follow","max-snippet":"max-snippet:-1","max-image-preview":"max-image-preview:large","max-video-preview":"max-video-preview:-1"},"canonical":"https:\/\/www.thelegalhigh.eu\/fr\/produit\/3-pack-gamecase-stoney-v-vapes-44\/","og_locale":"fr_FR","og_type":"article","og_title":"3 Pack - Gamecase Stoney V Vapes 44% | The Legal High","og_description":"Introducing the new Stoney V HHC disposable vape bundle in a special videogame-inspired packaging, containing 3 vapes pre-filled with high-quality e-liquid and a strong psychoactive effect. No charging or refilling needed, available in delicious flavors, easy to use and perfect for experienced vapers. Elevate your vaping experience with the new Stoney V HHC disposable vape bundle.","og_url":"https:\/\/www.thelegalhigh.eu\/fr\/produit\/3-pack-gamecase-stoney-v-vapes-44\/","og_site_name":"The Legal High","article_modified_time":"2023-03-19T19:38:02+00:00","og_image":[{"width":512,"height":512,"url":"https:\/\/www.thelegalhigh.eu\/wp-content\/uploads\/2023\/02\/Artboard-12.png","type":"image\/png"}],"twitter_card":"summary_large_image","twitter_misc":{"Dur\u00e9e de lecture estim\u00e9e":"1 minute"},"schema":{"@context":"https:\/\/schema.org","@graph":[{"@type":"WebPage","@id":"https:\/\/www.thelegalhigh.eu\/product\/3-pack-gamecase-stoney-v-vapes-44\/","url":"https:\/\/www.thelegalhigh.eu\/product\/3-pack-gamecase-stoney-v-vapes-44\/","name":"3 Pack - Gamecase Stoney V Vapes 44% | The Legal High","isPartOf":{"@id":"https:\/\/www.thelegalhigh.eu\/#website"},"datePublished":"2023-01-21T22:08:29+00:00","dateModified":"2023-03-19T19:38:02+00:00","breadcrumb":{"@id":"https:\/\/www.thelegalhigh.eu\/product\/3-pack-gamecase-stoney-v-vapes-44\/#breadcrumb"},"inLanguage":"fr-FR","potentialAction":[{"@type":"ReadAction","target":["https:\/\/www.thelegalhigh.eu\/product\/3-pack-gamecase-stoney-v-vapes-44\/"]}]},{"@type":"BreadcrumbList","@id":"https:\/\/www.thelegalhigh.eu\/product\/3-pack-gamecase-stoney-v-vapes-44\/#breadcrumb","itemListElement":[{"@type":"ListItem","position":1,"name":"Home","item":"https:\/\/www.thelegalhigh.eu\/"},{"@type":"ListItem","position":2,"name":"Shop","item":"https:\/\/www.thelegalhigh.eu\/shop\/"},{"@type":"ListItem","position":3,"name":"3 Pack &#8211; Gamecase Stoney V Vapes 44%"}]},{"@type":"WebSite","@id":"https:\/\/www.thelegalhigh.eu\/#website","url":"https:\/\/www.thelegalhigh.eu\/","name":"The Legal High","description":"A next generation online coffeeshop brought to you from Amsterdam.","publisher":{"@id":"https:\/\/www.thelegalhigh.eu\/#organization"},"potentialAction":[{"@type":"SearchAction","target":{"@type":"EntryPoint","urlTemplate":"https:\/\/www.thelegalhigh.eu\/?s={search_term_string}"},"query-input":"required name=search_term_string"}],"inLanguage":"fr-FR"},{"@type":"Organization","@id":"https:\/\/www.thelegalhigh.eu\/#organization","name":"The Legal High","url":"https:\/\/www.thelegalhigh.eu\/","logo":{"@type":"ImageObject","inLanguage":"fr-FR","@id":"https:\/\/www.thelegalhigh.eu\/#\/schema\/logo\/image\/","url":"https:\/\/www.thelegalhigh.eu\/wp-content\/uploads\/2023\/01\/cropped-image-1.png","contentUrl":"https:\/\/www.thelegalhigh.eu\/wp-content\/uploads\/2023\/01\/cropped-image-1.png","width":1000,"height":1000,"caption":"The Legal High"},"image":{"@id":"https:\/\/www.thelegalhigh.eu\/#\/schema\/logo\/image\/"}}]}},"jetpack_sharing_enabled":true,"tiered_pricing_type":"fixed","tiered_pricing_fixed_rules":[],"_links":{"self":[{"href":"https:\/\/www.thelegalhigh.eu\/fr\/wp-json\/wp\/v2\/product\/640","targetHints":{"allow":["GET"]}}],"collection":[{"href":"https:\/\/www.thelegalhigh.eu\/fr\/wp-json\/wp\/v2\/product"}],"about":[{"href":"https:\/\/www.thelegalhigh.eu\/fr\/wp-json\/wp\/v2\/types\/product"}],"replies":[{"embeddable":true,"href":"https:\/\/www.thelegalhigh.eu\/fr\/wp-json\/wp\/v2\/comments?post=640"}],"wp:featuredmedia":[{"embeddable":true,"href":"https:\/\/www.thelegalhigh.eu\/fr\/wp-json\/wp\/v2\/media\/1117"}],"wp:attachment":[{"href":"https:\/\/www.thelegalhigh.eu\/fr\/wp-json\/wp\/v2\/media?parent=640"}],"wp:term":[{"taxonomy":"product_cat","embeddable":true,"href":"https:\/\/www.thelegalhigh.eu\/fr\/wp-json\/wp\/v2\/product_cat?post=640"},{"taxonomy":"product_tag","embeddable":true,"href":"https:\/\/www.thelegalhigh.eu\/fr\/wp-json\/wp\/v2\/product_tag?post=640"}],"curies":[{"name":"wp","href":"https:\/\/api.w.org\/{rel}","templated":true}]}}